{"id":777,"date":"2021-07-02T08:53:00","date_gmt":"2021-07-02T07:53:00","guid":{"rendered":"http:\/\/roots.osa-clan.net\/?page_id=777"},"modified":"2021-07-04T10:03:56","modified_gmt":"2021-07-04T09:03:56","slug":"herborg-nilsdatter-1771-1850","status":"publish","type":"page","link":"https:\/\/roots.osa-clan.net\/index.php\/family-tree\/david-osa-1920-1965\/lars-nilsen-osa-1890-1924\/nils-davidsson-osa-1841-1910\/david-rasmusson-18901-1858\/herborg-nilsdatter-1771-1850\/","title":{"rendered":"Herborg Nilsdatter (1771-1850)"},"content":{"rendered":"\n<blockquote class=\"wp-block-quote is-style-default, info-female is-layout-flow wp-block-quote-is-layout-flow\"><p>G6 (ff-f-f-m) Herborg Nilsdatter from Tveito <br><strong>Birth<\/strong>: <a href=\"https:\/\/www.digitalarkivet.no\/kb20070523620228\" target=\"_blank\" rel=\"noreferrer noopener\">16 June 1771<\/a>, Tveito, Ulvik, Vestland, Norway<br><strong>Death<\/strong>: <a href=\"https:\/\/www.digitalarkivet.no\/kb20070223630456\" target=\"_blank\" rel=\"noreferrer noopener\" title=\"Church Record (#37)\">15 October 1850<\/a>, Hjeltnes, Ulvik, Vestland, Norway<br>Parents: Nils Nilsson Tveito &amp; Brita Arnesdatter Blei\u00e6<br><strong>Siblings<\/strong>: Nils (1776-1776), Knut (1781-1867)<br><strong>Husband<\/strong>: <a href=\"https:\/\/roots.osa-clan.net\/index.php\/family-tree\/david-osa-1920-1965\/lars-nilsen-osa-1890-1924\/nils-davidsson-osa-1841-1910\/david-rasmusson-18901-1858\/rasmus-davidsson-1775-1850\/\" title=\"Rasmus Davidsson (1775-1850)\">Rasmus Davidsson<\/a> Ure from Hetlenes<\/p><\/blockquote>\n\n\n\n<p>She married Rasmus Davidsson&nbsp;<a href=\"https:\/\/www.digitalarkivet.no\/view\/327\/pv00000001289867\" target=\"_blank\" rel=\"noreferrer noopener\">28 May 1798<\/a>&nbsp;in&nbsp;<a href=\"https:\/\/www.digitalarkivet.no\/kb20070523620665\" target=\"_blank\" rel=\"noreferrer noopener\">Ulvik church<\/a>. She lived at Tveito and he at Hetlenes. They went on to live at&nbsp;<a href=\"https:\/\/roots.osa-clan.net\/index.php\/locations\/ulvik-herad-2\/\">Ure, a smallholding\/croft under Hjeltnes<\/a> where they lived until they died.<\/p>\n\n\n\n<h3 class=\"wp-block-heading\">Children<\/h3>\n\n\n\n<ol class=\"wp-block-list\"><li>1798 \u2013 Brita, born 5 Nov. 1798 and died in 1876<ul><li>Married Johannes Danielsson Holmen \u2013 no children<\/li><\/ul><\/li><li>1801 \u2013 <strong><a href=\"https:\/\/roots.osa-clan.net\/index.php\/family-tree\/david-osa-1920-1965\/lars-nilsen-osa-1890-1924\/nils-davidsson-osa-1841-1910\/david-rasmusson-18901-1858\/\" title=\"David Rasmusson (1801-58)\">David<\/a><\/strong>,  born 27 April 1801 and died 12 Dec 1858 \u2013 See&nbsp;<a href=\"https:\/\/roots.osa-clan.net\/index.php\/family-tree\/david-osa-1920-1965\/lars-nilsen-osa-1890-1924\/nils-davidsson-osa-1841-1910\/david-rasmusson-18901-1858\/\">his page<\/a><\/li><li>1803 \u2013 Nils, born 7 April 1803 and died 1888 Tveito<ul><li>Married Ragnhild Sjursdatter from Rondestveit (1788-1883) but later divorced. She remarried.<\/li><li>They had two daughters:<ol><li>Malena (1827-1914) married to Asbj\u00f8rn Davidsson M\u00e5b\u00f8<\/li><li>Herborg (1838-1928) married Jakob Olsson Tveit<\/li><\/ol><\/li><li>Took over the farm at Ure after his parents but didn\u2019t live there by 1865 at which point he was a welfare recipient.<\/li><\/ul><\/li><li>1806 \u2013 Hallstein, born 1806 at Ure and died ca 1858 Kv\u00e5le (Conflicting dates)<ul><li>Married twice<\/li><\/ul><\/li><li>1809 \u2013 Sigrid born&nbsp;<a href=\"https:\/\/www.digitalarkivet.no\/view\/255\/pd00000011060338\" target=\"_blank\" rel=\"noreferrer noopener\">4 March 1809<\/a>, died<\/li><li>1810 \u2013 Sigrid, born&nbsp;<a href=\"https:\/\/www.digitalarkivet.no\/view\/255\/pd00000011060536\" target=\"_blank\" rel=\"noreferrer noopener\">9 July 1810<\/a>&nbsp;and died ~ 1998 at Vambheim<ul><li>Married Ola Asgautsson Vambheim (1797-1879) in 1840<ul><li>They had a son Ola Olsson (1840-1911) who later lived at Fryste and took the name Fr\u00f8ystein<\/li><\/ul><\/li><\/ul><\/li><li>1813 \u2013 Lars, born&nbsp;<a href=\"https:\/\/www.digitalarkivet.no\/view\/255\/pd00000011061049\" target=\"_blank\" rel=\"noreferrer noopener\">15 April 1813<\/a>, moved to Rondestveit<\/li><\/ol>\n\n\n\n<h3 class=\"wp-block-heading\">Census data<\/h3>\n\n\n\n<ul class=\"wp-block-list\"><li>1801 \u2014&nbsp;<a href=\"https:\/\/www.digitalarkivet.no\/ft20090807610098\" target=\"_blank\" rel=\"noreferrer noopener\">for Granvin, Family number 4 at&nbsp;<strong>Hjeltnes<\/strong><\/a>. Living there were:<ul><li>Rasmus (27), Husman med jord (crofter\/cottager)<\/li><li>Herborg Nilsdatter (29), his wife<\/li><li>Brita Rasmusdatter (3), their daughter<\/li><li>David Halsteinsson (72), Rasmus\u2019s father,<\/li><li>Sigrid Olsdatter (64), Rasmus\u2019s mother<\/li><\/ul><\/li><\/ul>\n\n\n\n<h3 class=\"wp-block-heading\">Sources<\/h3>\n\n\n\n<ul class=\"wp-block-list\"><li>Digital Archive Church Records for Ulvik<\/li><li>Ulvik : gards- og \u00e6ttesoga. 1&nbsp;: Almennsoga og ein del gards- og \u00e6ttesoga (O. Kolltveit, J. Kvestad, T. Dyrvik) <\/li><li>FamilySearch FamilyTree entry for Herborg: ID LHLR-DJF<\/li><\/ul>\n","protected":false},"excerpt":{"rendered":"<p>G6 (ff-f-f-m) Herborg Nilsdatter from Tveito Birth: 16 June 1771, Tveito, Ulvik, Vestland, NorwayDeath: 15 October 1850, Hjeltnes, Ulvik, Vestland, NorwayParents: Nils Nilsson Tveito &amp; Brita Arnesdatter Blei\u00e6Siblings: Nils (1776-1776), Knut (1781-1867)Husband: Rasmus Davidsson Ure from Hetlenes She married Rasmus Davidsson&nbsp;28 May 1798&nbsp;in&nbsp;Ulvik church. She lived at Tveito and he at Hetlenes. They went on &hellip; <a href=\"https:\/\/roots.osa-clan.net\/index.php\/family-tree\/david-osa-1920-1965\/lars-nilsen-osa-1890-1924\/nils-davidsson-osa-1841-1910\/david-rasmusson-18901-1858\/herborg-nilsdatter-1771-1850\/\" class=\"more-link\">Continue reading<span class=\"screen-reader-text\"> &#8220;Herborg Nilsdatter (1771-1850)&#8221;<\/span><\/a><\/p>\n","protected":false},"author":1,"featured_media":0,"parent":641,"menu_order":0,"comment_status":"closed","ping_status":"closed","template":"","meta":{"advgb_blocks_editor_width":"","advgb_blocks_columns_visual_guide":"","footnotes":""},"categories":[12],"tags":[43,68,64,69,30,63],"class_list":["post-777","page","type-page","status-publish","hentry","category-person","tag-g6","tag-g6-ff-f-f-m","tag-hjeltnes","tag-tveito","tag-ulvik","tag-ure","hfeed"],"aioseo_notices":[],"coauthors":[],"author_meta":{"author_link":"https:\/\/roots.osa-clan.net\/index.php\/author\/kirsten-osa\/","display_name":"kirsten.osa"},"relative_dates":{"created":"Posted 5 years ago","modified":"Updated 5 years ago"},"absolute_dates":{"created":"Posted on July 2, 2021","modified":"Updated on July 4, 2021"},"absolute_dates_time":{"created":"Posted on July 2, 2021 8:53 am","modified":"Updated on July 4, 2021 10:03 am"},"featured_img_caption":"","featured_img":false,"series_order":"","_links":{"self":[{"href":"https:\/\/roots.osa-clan.net\/index.php\/wp-json\/wp\/v2\/pages\/777","targetHints":{"allow":["GET"]}}],"collection":[{"href":"https:\/\/roots.osa-clan.net\/index.php\/wp-json\/wp\/v2\/pages"}],"about":[{"href":"https:\/\/roots.osa-clan.net\/index.php\/wp-json\/wp\/v2\/types\/page"}],"author":[{"embeddable":true,"href":"https:\/\/roots.osa-clan.net\/index.php\/wp-json\/wp\/v2\/users\/1"}],"replies":[{"embeddable":true,"href":"https:\/\/roots.osa-clan.net\/index.php\/wp-json\/wp\/v2\/comments?post=777"}],"version-history":[{"count":5,"href":"https:\/\/roots.osa-clan.net\/index.php\/wp-json\/wp\/v2\/pages\/777\/revisions"}],"predecessor-version":[{"id":852,"href":"https:\/\/roots.osa-clan.net\/index.php\/wp-json\/wp\/v2\/pages\/777\/revisions\/852"}],"up":[{"embeddable":true,"href":"https:\/\/roots.osa-clan.net\/index.php\/wp-json\/wp\/v2\/pages\/641"}],"wp:attachment":[{"href":"https:\/\/roots.osa-clan.net\/index.php\/wp-json\/wp\/v2\/media?parent=777"}],"wp:term":[{"taxonomy":"category","embeddable":true,"href":"https:\/\/roots.osa-clan.net\/index.php\/wp-json\/wp\/v2\/categories?post=777"},{"taxonomy":"post_tag","embeddable":true,"href":"https:\/\/roots.osa-clan.net\/index.php\/wp-json\/wp\/v2\/tags?post=777"}],"curies":[{"name":"wp","href":"https:\/\/api.w.org\/{rel}","templated":true}]}}