{"id":755,"date":"2021-06-30T09:43:40","date_gmt":"2021-06-30T08:43:40","guid":{"rendered":"http:\/\/roots.osa-clan.net\/?page_id=755"},"modified":"2021-07-04T10:01:13","modified_gmt":"2021-07-04T09:01:13","slug":"rasmus-davidsson-1775-1850","status":"publish","type":"page","link":"https:\/\/roots.osa-clan.net\/index.php\/family-tree\/david-osa-1920-1965\/lars-nilsen-osa-1890-1924\/nils-davidsson-osa-1841-1910\/david-rasmusson-18901-1858\/rasmus-davidsson-1775-1850\/","title":{"rendered":"Rasmus Davidsson (1775-1850)"},"content":{"rendered":"\n<blockquote class=\"wp-block-quote is-style-default, info-male is-layout-flow wp-block-quote-is-layout-flow\"><p>G6 (ff-f-f-f) <strong>Rasmus Davidsson<\/strong>\u00a0Ure (Place names: Hetlenes, Ure, Hjeltnes)<br><strong>Birth<\/strong>:\u00a0<a href=\"https:\/\/www.digitalarkivet.no\/view\/255\/pd00000011058822\" target=\"_blank\" rel=\"noreferrer noopener\">7 April 1775<\/a>, Hetlenes, Ulvik<br><strong>Death<\/strong>:\u00a0<a href=\"https:\/\/www.digitalarkivet.no\/kb20070223630456\" target=\"_blank\" rel=\"noreferrer noopener\" title=\"Church record (item 38)\">26 Oct. 1850<\/a>, Uhren under Hjeltnes<br><strong>Parents<\/strong>: David Halsteinsson Bange (1728-1814) &amp; Sigrid Olsdatter Hetlenes (1737-?)<br><strong>Siblings<\/strong>: Nils Davidsson, Martha (1759-1807), Ola Davidsson (1762-?), Rasmus Davidsson (1764-1775), Hallstein Davidsson (1766-1792), Lars Davidsson (1770-1770), Lars Davidsson (1771-1811)<br><strong>Wife<\/strong>:\u00a0<a href=\"https:\/\/roots.osa-clan.net\/index.php\/family-tree\/david-osa-1920-1965\/lars-nilsen-osa-1890-1924\/nils-davidsson-osa-1841-1910\/david-rasmusson-18901-1858\/herborg-nilsdatter-1771-1850\/\" title=\"Herborg Nilsdatter (1771-1850)\">Herborg Nilsdatter<\/a> Tveito (1771 &#8211; 1855)<br>Occupation: Farmer<\/p><\/blockquote>\n\n\n\n<p>He married Herborg Nilsdatter on <a href=\"https:\/\/www.digitalarkivet.no\/view\/327\/pv00000001289867\" target=\"_blank\" rel=\"noreferrer noopener\" title=\"Digital Archive transcript\">28 May 1798<\/a> in <a href=\"https:\/\/www.digitalarkivet.no\/kb20070523620665\" target=\"_blank\" rel=\"noreferrer noopener\" title=\"Church Record\">Ulvik church<\/a>. He lived at Hetlenes and she at Tveito.  They went on to live at <a href=\"https:\/\/roots.osa-clan.net\/index.php\/locations\/ulvik-herad-2\/\" title=\"Ulvik Herad\">Ure, a smallholding\/croft under Hjeltnes<\/a>.  <\/p>\n\n\n\n<h3 class=\"wp-block-heading\">Children<\/h3>\n\n\n\n<ol class=\"wp-block-list\"><li>1798 &#8211; Brita, born at Ure 5 Nov. 1798 and died in 1876<ul><li>Married Johannes Danielsson Holmen &#8211; no children<\/li><\/ul><\/li><li>1801 &#8211; <a href=\"https:\/\/roots.osa-clan.net\/index.php\/family-tree\/david-osa-1920-1965\/lars-nilsen-osa-1890-1924\/nils-davidsson-osa-1841-1910\/david-rasmusson-18901-1858\/\" title=\"David Rasmusson (1801-58)\"><strong>David<\/strong><\/a>: 1801 &#8211; 1858 &#8211; See <a href=\"https:\/\/roots.osa-clan.net\/index.php\/family-tree\/david-osa-1920-1965\/lars-nilsen-osa-1890-1924\/nils-davidsson-osa-1841-1910\/david-rasmusson-18901-1858\/\" title=\"David Rasmusson (1801-58)\">his page<\/a> <\/li><li>1803 &#8211; Nils, born at Ure 7 April 1803 and died 1888 Tveito<ul><li>Married Ragnhild Sjursdatter from Rondestveit (1788-1883) but later divorced. She remarried.<\/li><li>They had two daughters: <ol><li>Malena (1827-1914) married to Asbj\u00f8rn Davidsson M\u00e5b\u00f8<\/li><li>Herborg (1838-1928) married Jakob Olsson Tveit<\/li><\/ol><\/li><li>Took over the farm at Ure after his parents but didn&#8217;t live there by 1865 at which point he was a welfare recipient. <\/li><\/ul><\/li><li>1806 &#8211; Hallstein, born 1806 at Ure and died ca 1858 Kv\u00e5le (Conflicting dates)<ul><li>Married twice<\/li><\/ul><\/li><li>1809 &#8211; Sigrid born <a href=\"https:\/\/www.digitalarkivet.no\/view\/255\/pd00000011060338\" target=\"_blank\" rel=\"noreferrer noopener\" title=\"Digital Archive Transcript\">4 March 1809<\/a>, died <\/li><li>1810 &#8211; Sigrid, born <a href=\"https:\/\/www.digitalarkivet.no\/view\/255\/pd00000011060536\" target=\"_blank\" rel=\"noreferrer noopener\" title=\"Digital Archive transcript\">9 July 1810<\/a> at Ure and died ~ 1998 at Vambheim<ul><li>Married Ola Asgautsson Vambheim (1797-1879) in 1840<ul><li>They had a son Ola Olsson (1840-1911) who later lived at Fryste and took the name Fr\u00f8ystein<\/li><\/ul><\/li><\/ul><\/li><li>1813 &#8211; Lars, born <a href=\"https:\/\/www.digitalarkivet.no\/view\/255\/pd00000011061049\" target=\"_blank\" rel=\"noreferrer noopener\" title=\"Digital Archive transcript\">15 April 1813<\/a> at Ure, moved to Rondestveit <\/li><\/ol>\n\n\n\n<h3 class=\"wp-block-heading\">Census data<\/h3>\n\n\n\n<ul class=\"wp-block-list\"><li>1801  \u2014 <a href=\"https:\/\/www.digitalarkivet.no\/ft20090807610098\" target=\"_blank\" rel=\"noreferrer noopener\" title=\"Church Record\">for Granvin, Family number 4 at <strong>Hjeltnes<\/strong><\/a>. Living there were:<ul><li>Rasmus (27), Husman med jord (crofter\/cottager)<\/li><li>Herborg Nilsdatter (29), his wife<\/li><li>Brita Rasmusdatter (3), their daughter<\/li><li>David Halsteinsson (72), Rasmus&#8217;s father,<\/li><li>Sigrid Olsdatter (64), Rasmus&#8217;s mother<\/li><\/ul><\/li><\/ul>\n\n\n\n<h3 class=\"wp-block-heading\">Sources<\/h3>\n\n\n\n<ul class=\"wp-block-list\"><li>Digital Archive Church Records for Ulvik<\/li><li>Ulvik : gards- og \u00e6ttesoga. 1&nbsp;: Almennsoga og ein del gards- og \u00e6ttesoga (O. Kolltveit, J. Kvestad, T. Dyrvik) <\/li><li>FamilySearch FamilyTree entry for Rasmus: ID LHLR-DNW<\/li><\/ul>\n","protected":false},"excerpt":{"rendered":"<p>G6 (ff-f-f-f) Rasmus Davidsson\u00a0Ure (Place names: Hetlenes, Ure, Hjeltnes)Birth:\u00a07 April 1775, Hetlenes, UlvikDeath:\u00a026 Oct. 1850, Uhren under HjeltnesParents: David Halsteinsson Bange (1728-1814) &amp; Sigrid Olsdatter Hetlenes (1737-?)Siblings: Nils Davidsson, Martha (1759-1807), Ola Davidsson (1762-?), Rasmus Davidsson (1764-1775), Hallstein Davidsson (1766-1792), Lars Davidsson (1770-1770), Lars Davidsson (1771-1811)Wife:\u00a0Herborg Nilsdatter Tveito (1771 &#8211; 1855)Occupation: Farmer He married Herborg &hellip; <a href=\"https:\/\/roots.osa-clan.net\/index.php\/family-tree\/david-osa-1920-1965\/lars-nilsen-osa-1890-1924\/nils-davidsson-osa-1841-1910\/david-rasmusson-18901-1858\/rasmus-davidsson-1775-1850\/\" class=\"more-link\">Continue reading<span class=\"screen-reader-text\"> &#8220;Rasmus Davidsson (1775-1850)&#8221;<\/span><\/a><\/p>\n","protected":false},"author":1,"featured_media":0,"parent":641,"menu_order":0,"comment_status":"closed","ping_status":"closed","template":"","meta":{"advgb_blocks_editor_width":"","advgb_blocks_columns_visual_guide":"","footnotes":""},"categories":[12],"tags":[43,66,67,64,30,63],"class_list":["post-755","page","type-page","status-publish","hentry","category-person","tag-g6","tag-g6-ff-f-f-f","tag-hetlenes","tag-hjeltnes","tag-ulvik","tag-ure","hfeed"],"aioseo_notices":[],"coauthors":[],"author_meta":{"author_link":"https:\/\/roots.osa-clan.net\/index.php\/author\/kirsten-osa\/","display_name":"kirsten.osa"},"relative_dates":{"created":"Posted 5 years ago","modified":"Updated 5 years ago"},"absolute_dates":{"created":"Posted on June 30, 2021","modified":"Updated on July 4, 2021"},"absolute_dates_time":{"created":"Posted on June 30, 2021 9:43 am","modified":"Updated on July 4, 2021 10:01 am"},"featured_img_caption":"","featured_img":false,"series_order":"","_links":{"self":[{"href":"https:\/\/roots.osa-clan.net\/index.php\/wp-json\/wp\/v2\/pages\/755","targetHints":{"allow":["GET"]}}],"collection":[{"href":"https:\/\/roots.osa-clan.net\/index.php\/wp-json\/wp\/v2\/pages"}],"about":[{"href":"https:\/\/roots.osa-clan.net\/index.php\/wp-json\/wp\/v2\/types\/page"}],"author":[{"embeddable":true,"href":"https:\/\/roots.osa-clan.net\/index.php\/wp-json\/wp\/v2\/users\/1"}],"replies":[{"embeddable":true,"href":"https:\/\/roots.osa-clan.net\/index.php\/wp-json\/wp\/v2\/comments?post=755"}],"version-history":[{"count":10,"href":"https:\/\/roots.osa-clan.net\/index.php\/wp-json\/wp\/v2\/pages\/755\/revisions"}],"predecessor-version":[{"id":850,"href":"https:\/\/roots.osa-clan.net\/index.php\/wp-json\/wp\/v2\/pages\/755\/revisions\/850"}],"up":[{"embeddable":true,"href":"https:\/\/roots.osa-clan.net\/index.php\/wp-json\/wp\/v2\/pages\/641"}],"wp:attachment":[{"href":"https:\/\/roots.osa-clan.net\/index.php\/wp-json\/wp\/v2\/media?parent=755"}],"wp:term":[{"taxonomy":"category","embeddable":true,"href":"https:\/\/roots.osa-clan.net\/index.php\/wp-json\/wp\/v2\/categories?post=755"},{"taxonomy":"post_tag","embeddable":true,"href":"https:\/\/roots.osa-clan.net\/index.php\/wp-json\/wp\/v2\/tags?post=755"}],"curies":[{"name":"wp","href":"https:\/\/api.w.org\/{rel}","templated":true}]}}