{"id":609,"date":"2021-06-04T09:03:00","date_gmt":"2021-06-04T08:03:00","guid":{"rendered":"http:\/\/roots.osa-clan.net\/?page_id=609"},"modified":"2022-05-12T08:07:07","modified_gmt":"2022-05-12T07:07:07","slug":"guro-pedersdatter-1821-1912","status":"publish","type":"page","link":"https:\/\/roots.osa-clan.net\/index.php\/family-tree\/david-osa-1920-1965\/lars-nilsen-osa-1890-1924\/anna-andersdatter-1847-1940\/guro-pedersdatter-1821-1912\/","title":{"rendered":"Guro Pedersdatter (1821-1912)"},"content":{"rendered":"\n<blockquote class=\"wp-block-quote info-female is-layout-flow wp-block-quote-is-layout-flow\"><p>G5 (ff-m-m) <strong>Guro Persdatter<\/strong> <strong>Rygg<\/strong> (places: Rygg, Osa)<br><strong>Birth<\/strong>: <a href=\"https:\/\/www.digitalarkivet.no\/kb20070524630669\" target=\"_blank\" rel=\"noreferrer noopener\">10 January 1821<\/a>, Br\u00e6kke, Vossestrand, Hordaland, Norway<br><strong>Death<\/strong>: <a href=\"https:\/\/www.digitalarkivet.no\/kb20050728020517\" target=\"_blank\" rel=\"noreferrer noopener\">25 September 1912<\/a>, Osa, Ulvik<br><strong>Parents<\/strong>: Peder Larsson &amp; Inger Torbj\u00f8rnsdatter Br\u00e6kke<br><strong>Siblings<\/strong>: Kolbein (1814), Brytteva (1816), Lars (1818), Torbj\u00f8rn (1823), Mons &amp; Nils (1826), Anna (1828), Nils (1833)<br>Husband: <a href=\"https:\/\/roots.osa-clan.net\/index.php\/family-tree\/david-osa-1920-1965\/lars-nilsen-osa-1890-1924\/nils-davidsson-osa-1841-1910\/anders-jorgensson-1817-1908\/\" title=\"Anders J\u00f8rgensson (1817-1908)\">Anders J\u00f8rgensen Osa<\/a><\/p><\/blockquote>\n\n\n\n<p>She was born in Rygg (Br\u00e6kke), on 10 January 1821. She moved from Br\u00e6kke to Hagestad farm in Graven on 15 February 1845, the year she got married. <\/p>\n\n\n\n<p>Marriage: <a href=\"https:\/\/www.digitalarkivet.no\/kb20070223630402\" target=\"_blank\" rel=\"noreferrer noopener\">22 August 1845<\/a>, Ulvik<\/p>\n\n\n\n<h3 class=\"wp-block-heading\">Children<\/h3>\n\n\n\n<ol class=\"wp-block-list\"><li>1846 \u2013 Anna (died)<\/li><li>1847 \u2013&nbsp;<strong>Anna<\/strong>&nbsp;Andersdatter born&nbsp;<a href=\"https:\/\/www.digitalarkivet.no\/view\/255\/pd00000040698716\" target=\"_blank\" rel=\"noreferrer noopener\">10-03-1847<\/a>; died ~1940. (For more information see&nbsp;<a href=\"https:\/\/roots.osa-clan.net\/index.php\/family-tree\/david-osa-1920-1965\/lars-nilsen-osa-1890-1924\/anna-andersdatter-1847-1940\/\">Anna\u2019s page<\/a>)<\/li><li>1849 \u2013&nbsp;<strong>Inga<\/strong>&nbsp;Andersdatter born&nbsp;<a href=\"https:\/\/www.digitalarkivet.no\/view\/255\/pd00000040699547\" target=\"_blank\" rel=\"noreferrer noopener\">18-12-1849<\/a>; died&nbsp;<a href=\"https:\/\/www.digitalarkivet.no\/view\/267\/pg00000000847223\" target=\"_blank\" rel=\"noreferrer noopener\">06-11-1913<\/a>&nbsp;at Voss nursing home;<ul><li>Not married but had a son&nbsp;<a href=\"https:\/\/www.digitalarkivet.no\/view\/255\/pd00000029910067\" target=\"_blank\" rel=\"noreferrer noopener\">Ivar born 30 Sept 1873<\/a>&nbsp;who\u2019s father was Jon Ivarsson Osa<\/li><\/ul><\/li><li>1853 \u2013&nbsp;<strong>J\u00f8rgen<\/strong>&nbsp;Andersson born&nbsp;<a href=\"https:\/\/www.digitalarkivet.no\/kb20070223640061\" target=\"_blank\" rel=\"noreferrer noopener\">10-02-1853<\/a>; died 1941;<ul><li>Married Anna Gurina Olsdtr (born 1860, S\u00e6vartveit) on&nbsp;<a href=\"https:\/\/www.digitalarkivet.no\/view\/327\/pv00000008116814\" target=\"_blank\" rel=\"noreferrer noopener\">13 June 1878<\/a><\/li><li>They had 2 daughters Guro (1879) and Gudrun (1904); lived at S\u00e6vartveit<\/li><\/ul><\/li><li>1856 \u2013&nbsp;<strong>Peder<\/strong>&nbsp;(or Per) Andersson born&nbsp;<a href=\"https:\/\/www.digitalarkivet.no\/view\/255\/pd00000029169028\" target=\"_blank\" rel=\"noreferrer noopener\">12-08-1856<\/a>; died 1929;<ul><li>Married Guri Ivarsdatter (born 1852)<\/li><li>Had a daughter Guro (1892<\/li><\/ul><\/li><li>1860 \u2013&nbsp;<a href=\"https:\/\/en.wikipedia.org\/wiki\/Lars_Osa\" target=\"_blank\" rel=\"noreferrer noopener\"><strong>Lars<\/strong>&nbsp;Andesen Osa<\/a>&nbsp;born&nbsp;<a href=\"https:\/\/www.digitalarkivet.no\/view\/255\/pd00000029170036\" target=\"_blank\" rel=\"noreferrer noopener\">13-08-1860<\/a>; died 09-02-1958 in Osa,<ul><li>He was an artist: painter and fiddle player (<a href=\"https:\/\/nbl.snl.no\/Lars_Osa\" target=\"_blank\" rel=\"noreferrer noopener\">Norwegian Biographical lexicon<\/a>&nbsp;\u2013 Norwegian only)<\/li><li>Married to Hermine Bernhoft from Oslo.<\/li><li>They had two sons, Theodor Berhnhoft Osa and&nbsp;<a href=\"https:\/\/en.wikipedia.org\/wiki\/Sigbj%C3%B8rn_Bernhoft_Osa\" target=\"_blank\" rel=\"noreferrer noopener\">Sigbj\u00f8rn Bernhoft Osa<\/a>, the latter was also a well known fiddle player.<\/li><li>Lived in Voss<\/li><\/ul><\/li><li>1863 \u2013&nbsp;<strong>Katrine<\/strong>&nbsp;Andersdatter born 03-11-1863; died 1951<ul><li>Married Adolf Maurits Steenbock Arktander<\/li><\/ul><\/li><\/ol>\n\n\n\n<p>She moved to Osa (brn 5, pl 5: Sjohagen) with her husband and children who all considered Osa their home. She lived in Osa until her death on <a href=\"https:\/\/www.digitalarkivet.no\/view\/267\/pg00000000847178\" target=\"_blank\" rel=\"noreferrer noopener\" title=\"Digital Archive transcript\">25 September 1912<\/a>. <\/p>\n\n\n\n<h3 class=\"wp-block-heading\">Census data<\/h3>\n\n\n\n<ul class=\"wp-block-list\"><li>1865 \u2013&nbsp;<a href=\"https:\/\/www.digitalarkivet.no\/census\/person\/pf01038234002439\" target=\"_blank\" rel=\"noreferrer noopener\">Syse, L\u00e6qve, Ulvik<\/a>&nbsp;\u2013 Guro with Anders and their children J\u00f8rgen (13), Peder (10), Lars (4) and Katrina (1). Anders is a \u2018Husmand med jord\u2019 \u2013 a cottager who rented a small plot of land.<\/li><li>1875 \u2013&nbsp;<a href=\"https:\/\/www.digitalarkivet.no\/census\/person\/pf01052276002234\" target=\"_blank\" rel=\"noreferrer noopener\">Osa: Sjohagen, Ulvik<\/a>&nbsp;\u2013 Living with her husband Anders who is a a shoemaker and a cottager growing potatoes. They had a cow, a calf, 3 sheep and a 2 goats. Their children Peder, who is also a shoemaker Lars, and Katrina who are both helping his father, are also living with them as was her daughter Inga\u2019s 2 year old son, Ivar Johnsen.<\/li><li>1891 \u2013&nbsp;<a href=\"https:\/\/www.digitalarkivet.no\/census\/person\/pf01052972000250\" target=\"_blank\" rel=\"noreferrer noopener\">Osapollen, Osa, Ulvik<\/a>&nbsp;\u2013 &nbsp;<a href=\"https:\/\/www.digitalarkivet.no\/ft10061206126959\" target=\"_blank\" rel=\"noreferrer noopener\">Guro<\/a> is living with her husband&nbsp;<a href=\"https:\/\/www.digitalarkivet.no\/ft10061206126958\" target=\"_blank\" rel=\"noreferrer noopener\">Anders<\/a>&nbsp;who is no longer renting land, but is a fisherman. Their sons&nbsp;<a href=\"https:\/\/www.digitalarkivet.no\/ft10061206126960\" target=\"_blank\" rel=\"noreferrer noopener\">Lars<\/a>, who is now an artist and&nbsp;<a href=\"https:\/\/www.digitalarkivet.no\/ft10061206126961\" target=\"_blank\" rel=\"noreferrer noopener\">Peder<\/a>, who is a shoemaker, both paying for their board and lodgings; and their daughter&nbsp;<a href=\"https:\/\/www.digitalarkivet.no\/ft10061206126962\" target=\"_blank\" rel=\"noreferrer noopener\">Inga<\/a>&nbsp;with her son&nbsp;<a href=\"https:\/\/www.digitalarkivet.no\/ft10061206126963\" target=\"_blank\" rel=\"noreferrer noopener\">Ivar Johnsen<\/a>&nbsp;.<\/li><li>1900 \u2013&nbsp;<a href=\"https:\/\/www.digitalarkivet.no\/census\/person\/pf01037312001506\" target=\"_blank\" rel=\"noreferrer noopener\">Osa: Farm 37, brn 5 pl. Kaarapladse<\/a>&nbsp;\u2013 It was now just Guro and Anders with their daughter Inga. They grew potatoes and had some animals and chickens.<\/li><li>1910 &#8211; <a href=\"https:\/\/www.digitalarkivet.no\/census\/person\/pf01036678000161\" target=\"_blank\" rel=\"noreferrer noopener\" title=\"Digital Archive transcript\">Osa: Kaaraplads<\/a> &#8211; Guro is now a widow and only her daughter Inga remains with her here. <\/li><\/ul>\n","protected":false},"excerpt":{"rendered":"<p>G5 (ff-m-m) Guro Persdatter Rygg (places: Rygg, Osa)Birth: 10 January 1821, Br\u00e6kke, Vossestrand, Hordaland, NorwayDeath: 25 September 1912, Osa, UlvikParents: Peder Larsson &amp; Inger Torbj\u00f8rnsdatter Br\u00e6kkeSiblings: Kolbein (1814), Brytteva (1816), Lars (1818), Torbj\u00f8rn (1823), Mons &amp; Nils (1826), Anna (1828), Nils (1833)Husband: Anders J\u00f8rgensen Osa She was born in Rygg (Br\u00e6kke), on 10 January 1821. &hellip; <a href=\"https:\/\/roots.osa-clan.net\/index.php\/family-tree\/david-osa-1920-1965\/lars-nilsen-osa-1890-1924\/anna-andersdatter-1847-1940\/guro-pedersdatter-1821-1912\/\" class=\"more-link\">Continue reading<span class=\"screen-reader-text\"> &#8220;Guro Pedersdatter (1821-1912)&#8221;<\/span><\/a><\/p>\n","protected":false},"author":1,"featured_media":0,"parent":556,"menu_order":0,"comment_status":"closed","ping_status":"closed","template":"","meta":{"advgb_blocks_editor_width":"","advgb_blocks_columns_visual_guide":"","footnotes":""},"categories":[84,12],"tags":[58,110,36,55,31,56,30,57],"class_list":["post-609","page","type-page","status-publish","hentry","category-fathers-side","category-person","tag-brekke","tag-ff-m-m","tag-g5","tag-g5-ff-m-m","tag-osa","tag-rygg","tag-ulvik","tag-vossestrand","hfeed"],"aioseo_notices":[],"coauthors":[],"author_meta":{"author_link":"https:\/\/roots.osa-clan.net\/index.php\/author\/kirsten-osa\/","display_name":"kirsten.osa"},"relative_dates":{"created":"Posted 5 years ago","modified":"Updated 4 years ago"},"absolute_dates":{"created":"Posted on June 4, 2021","modified":"Updated on May 12, 2022"},"absolute_dates_time":{"created":"Posted on June 4, 2021 9:03 am","modified":"Updated on May 12, 2022 8:07 am"},"featured_img_caption":"","featured_img":false,"series_order":"","_links":{"self":[{"href":"https:\/\/roots.osa-clan.net\/index.php\/wp-json\/wp\/v2\/pages\/609","targetHints":{"allow":["GET"]}}],"collection":[{"href":"https:\/\/roots.osa-clan.net\/index.php\/wp-json\/wp\/v2\/pages"}],"about":[{"href":"https:\/\/roots.osa-clan.net\/index.php\/wp-json\/wp\/v2\/types\/page"}],"author":[{"embeddable":true,"href":"https:\/\/roots.osa-clan.net\/index.php\/wp-json\/wp\/v2\/users\/1"}],"replies":[{"embeddable":true,"href":"https:\/\/roots.osa-clan.net\/index.php\/wp-json\/wp\/v2\/comments?post=609"}],"version-history":[{"count":8,"href":"https:\/\/roots.osa-clan.net\/index.php\/wp-json\/wp\/v2\/pages\/609\/revisions"}],"predecessor-version":[{"id":834,"href":"https:\/\/roots.osa-clan.net\/index.php\/wp-json\/wp\/v2\/pages\/609\/revisions\/834"}],"up":[{"embeddable":true,"href":"https:\/\/roots.osa-clan.net\/index.php\/wp-json\/wp\/v2\/pages\/556"}],"wp:attachment":[{"href":"https:\/\/roots.osa-clan.net\/index.php\/wp-json\/wp\/v2\/media?parent=609"}],"wp:term":[{"taxonomy":"category","embeddable":true,"href":"https:\/\/roots.osa-clan.net\/index.php\/wp-json\/wp\/v2\/categories?post=609"},{"taxonomy":"post_tag","embeddable":true,"href":"https:\/\/roots.osa-clan.net\/index.php\/wp-json\/wp\/v2\/tags?post=609"}],"curies":[{"name":"wp","href":"https:\/\/api.w.org\/{rel}","templated":true}]}}