{"id":529,"date":"2021-06-03T12:05:43","date_gmt":"2021-06-03T11:05:43","guid":{"rendered":"http:\/\/roots.osa-clan.net\/?page_id=529"},"modified":"2022-05-12T08:25:35","modified_gmt":"2022-05-12T07:25:35","slug":"emilie-morch","status":"publish","type":"page","link":"https:\/\/roots.osa-clan.net\/index.php\/family-tree\/lillian-harriet-osa\/harriet-ness-skogsrud-1898-1979\/emilie-morch\/","title":{"rendered":"Emilie M\u00f8rch (1871-1950)"},"content":{"rendered":"\n<blockquote class=\"wp-block-quote info-female is-layout-flow wp-block-quote-is-layout-flow\"><p><strong>Emilie Jakobsdatter M\u00f8rch<\/strong><br><strong>Birth<\/strong>:&nbsp;<a href=\"https:\/\/www.digitalarkivet.no\/kb20060315020407\" target=\"_blank\" rel=\"noreferrer noopener\" title=\"Church record\">28 October 1871<\/a>, Hauge, Tune, Norway<br><strong>Death<\/strong>: 19 April 1950, Oslo, Norway<br><strong>Parents<\/strong>: Emma Marie Hanna Andrea M\u00f8rch &amp; Jakob Karlsen (from Sweden)<br><strong>Half-siblings<\/strong>&nbsp;(father Johan Jensen): S\u00f8ren Hjalmar, Johanne Catharine, Johan<br><strong>Spouse<\/strong>: <a href=\"https:\/\/roots.osa-clan.net\/index.php\/family-tree\/lillian-harriet-osa\/harriet-ness-skogsrud-1898-1979\/sander-syversen-ness\/\" title=\"Sander Syversen Ness (1869-1939)\">Sander Syversen Ness<\/a><\/p><\/blockquote>\n\n\n\n<p><strong>Marriage<\/strong>: 5 March 1896. I have not been able to find this is the church records but the date is given on the baptism records of two of her children.<\/p>\n\n\n\n<h3 class=\"wp-block-heading\">Children<\/h3>\n\n\n\n<ol class=\"wp-block-list\"><li>1896 \u2013&nbsp;<strong>Mathilde<\/strong>&nbsp;(<a href=\"https:\/\/www.digitalarkivet.no\/kb20060831010621\" target=\"_blank\" rel=\"noreferrer noopener\">2 May 1896<\/a>&nbsp;\u2014 died 26 August 1927)<\/li><li>1898 \u2013&nbsp;<strong><a href=\"https:\/\/roots.osa-clan.net\/index.php\/family-tree\/lillian-harriet-osa\/harriet-ness-skogsrud-1898-1979\/\">Harriet<\/a><\/strong>&nbsp; (2 March 1898)<\/li><li>1899 \u2013&nbsp;<strong>Syver<\/strong>&nbsp; (<a href=\"https:\/\/www.digitalarkivet.no\/kb20050830040929\" target=\"_blank\" rel=\"noreferrer noopener\">18 Sept 1899<\/a>&nbsp;)<\/li><li>1901 \u2013&nbsp;<strong>Hallvard<\/strong>&nbsp; (8 Aug 1901&nbsp;&nbsp;<em>Married to Thea Oluffa Belden 3\/5\/1930, Oslo<\/em>)<\/li><li>1903 \u2013&nbsp;<strong>Johan Kristian<\/strong>&nbsp;(27 Jan1903&nbsp;)<\/li><li>1904 \u2013&nbsp;<strong>John<\/strong>&nbsp;(14 Oct 1904, died 4 Aug 1905)<\/li><li>1906 \u2013&nbsp;<strong>Hanna Josefine<\/strong>&nbsp;(<a href=\"https:\/\/www.digitalarkivet.no\/view\/255\/pd00000022460720\" target=\"_blank\" rel=\"noreferrer noopener\">25 July 1906<\/a>&nbsp;\u2014&nbsp;<em>Married to Jens Aage J\u00f8rgensen 26\/5\/1928<\/em>)&nbsp;<\/li><li>1909 \u2013&nbsp;<strong>Hans<\/strong>&nbsp;(<a href=\"https:\/\/www.digitalarkivet.no\/view\/255\/pd00000022462508\" target=\"_blank\" rel=\"noreferrer noopener\">26 March 1909<\/a>&nbsp;\u2014 )&nbsp;<\/li><\/ol>\n\n\n\n<h3 class=\"wp-block-heading\">Census data<\/h3>\n\n\n\n<ul class=\"wp-block-list\"><li>1875 \u2013 <a href=\"https:\/\/www.digitalarkivet.no\/ft20101227340546\" target=\"_blank\" rel=\"noreferrer noopener\" title=\"Church Record - Census for Tune\">Tune<\/a> has Emilie Jacobsdtr living with her grandparents Johan M\u00f8rck &amp; Katrine Lange and their daughter Josefine<\/li><li>1900 \u2013 Emilie with Sander in Oslo<\/li><li>1910 \u2013 Emilie with Sander in Oslo<\/li><\/ul>\n","protected":false},"excerpt":{"rendered":"<p>Emilie Jakobsdatter M\u00f8rchBirth:&nbsp;28 October 1871, Hauge, Tune, NorwayDeath: 19 April 1950, Oslo, NorwayParents: Emma Marie Hanna Andrea M\u00f8rch &amp; Jakob Karlsen (from Sweden)Half-siblings&nbsp;(father Johan Jensen): S\u00f8ren Hjalmar, Johanne Catharine, JohanSpouse: Sander Syversen Ness Marriage: 5 March 1896. I have not been able to find this is the church records but the date is given on &hellip; <a href=\"https:\/\/roots.osa-clan.net\/index.php\/family-tree\/lillian-harriet-osa\/harriet-ness-skogsrud-1898-1979\/emilie-morch\/\" class=\"more-link\">Continue reading<span class=\"screen-reader-text\"> &#8220;Emilie M\u00f8rch (1871-1950)&#8221;<\/span><\/a><\/p>\n","protected":false},"author":1,"featured_media":0,"parent":117,"menu_order":0,"comment_status":"closed","ping_status":"closed","template":"","meta":{"advgb_blocks_editor_width":"","advgb_blocks_columns_visual_guide":"","footnotes":""},"categories":[83,12],"tags":[35,127,128,126,129],"class_list":["post-529","page","type-page","status-publish","hentry","category-mothers-side","category-person","tag-g4","tag-g4-mm-m","tag-mm-m","tag-oslo","tag-tune","hfeed"],"aioseo_notices":[],"coauthors":[],"author_meta":{"author_link":"https:\/\/roots.osa-clan.net\/index.php\/author\/kirsten-osa\/","display_name":"kirsten.osa"},"relative_dates":{"created":"Posted 5 years ago","modified":"Updated 4 years ago"},"absolute_dates":{"created":"Posted on June 3, 2021","modified":"Updated on May 12, 2022"},"absolute_dates_time":{"created":"Posted on June 3, 2021 12:05 pm","modified":"Updated on May 12, 2022 8:25 am"},"featured_img_caption":"","featured_img":false,"series_order":"","_links":{"self":[{"href":"https:\/\/roots.osa-clan.net\/index.php\/wp-json\/wp\/v2\/pages\/529","targetHints":{"allow":["GET"]}}],"collection":[{"href":"https:\/\/roots.osa-clan.net\/index.php\/wp-json\/wp\/v2\/pages"}],"about":[{"href":"https:\/\/roots.osa-clan.net\/index.php\/wp-json\/wp\/v2\/types\/page"}],"author":[{"embeddable":true,"href":"https:\/\/roots.osa-clan.net\/index.php\/wp-json\/wp\/v2\/users\/1"}],"replies":[{"embeddable":true,"href":"https:\/\/roots.osa-clan.net\/index.php\/wp-json\/wp\/v2\/comments?post=529"}],"version-history":[{"count":5,"href":"https:\/\/roots.osa-clan.net\/index.php\/wp-json\/wp\/v2\/pages\/529\/revisions"}],"predecessor-version":[{"id":1094,"href":"https:\/\/roots.osa-clan.net\/index.php\/wp-json\/wp\/v2\/pages\/529\/revisions\/1094"}],"up":[{"embeddable":true,"href":"https:\/\/roots.osa-clan.net\/index.php\/wp-json\/wp\/v2\/pages\/117"}],"wp:attachment":[{"href":"https:\/\/roots.osa-clan.net\/index.php\/wp-json\/wp\/v2\/media?parent=529"}],"wp:term":[{"taxonomy":"category","embeddable":true,"href":"https:\/\/roots.osa-clan.net\/index.php\/wp-json\/wp\/v2\/categories?post=529"},{"taxonomy":"post_tag","embeddable":true,"href":"https:\/\/roots.osa-clan.net\/index.php\/wp-json\/wp\/v2\/tags?post=529"}],"curies":[{"name":"wp","href":"https:\/\/api.w.org\/{rel}","templated":true}]}}