{"id":441,"date":"2021-06-01T07:32:25","date_gmt":"2021-06-01T06:32:25","guid":{"rendered":"http:\/\/roots.osa-clan.net\/?page_id=441"},"modified":"2022-05-12T08:06:29","modified_gmt":"2022-05-12T07:06:29","slug":"anders-jorgensson-1817-1908","status":"publish","type":"page","link":"https:\/\/roots.osa-clan.net\/index.php\/family-tree\/david-osa-1920-1965\/lars-nilsen-osa-1890-1924\/nils-davidsson-osa-1841-1910\/anders-jorgensson-1817-1908\/","title":{"rendered":"Anders J\u00f8rgensson (1817-1908)"},"content":{"rendered":"\n<blockquote class=\"wp-block-quote info-male is-layout-flow wp-block-quote-is-layout-flow\"><p>G5 (ff-m-f) <strong>Anders J\u00f8rgensen Osa<\/strong> (Places: Syse, Sjohagen, <strong>S\u00e6vartveit<\/strong>, Osa)<br><strong>Birth<\/strong>: <a href=\"https:\/\/www.digitalarkivet.no\/kb20070523630037\" target=\"_blank\" rel=\"noreferrer noopener\" title=\"Church Record: Birth Anders (#14)\">25 February 1817<\/a>, Underland, Ulvik<br><strong>Death<\/strong>: <a href=\"https:\/\/www.digitalarkivet.no\/kb20050728020510\" target=\"_blank\" rel=\"noreferrer noopener\" title=\"Church record\">24 April 1908<\/a>, Osa<br><strong>Parents<\/strong>: J\u00f8rgen J\u00f8rgensson Fryste &amp; Anna Askjellsdatter Underland<br><strong>Siblings<\/strong>: Anna (1821-1907)<br>Wife: <a href=\"https:\/\/roots.osa-clan.net\/index.php\/family-tree\/david-osa-1920-1965\/lars-nilsen-osa-1890-1924\/anna-andersdatter-1847-1940\/guro-pedersdatter-1821-1912\/\" title=\"Guro Pedersdatter (1821-1912)\">Guro Pedersdatter Rygg<\/a><br><strong>Farms<\/strong>: Syse Brn 2 Plass 2 (1846-1866);  Osa Bnr 5, plass 5 : Sjohagen;  Osa: S\u00e6vartveit?<br>Occupations: Shoemaker, fisherman, lumberjack &amp; farmer<\/p><\/blockquote>\n\n\n\n<p><strong>Birth<\/strong>: Anders was born and home baptised at Underland. This was registered with the church by Lars Ellingson Underland. His father was given as J\u00f8rgen J\u00f8rgensen Frystehagen. <\/p>\n\n\n\n<p><strong>Marriage<\/strong>: to Guro Pedersdatter Rygg  <a href=\"https:\/\/www.digitalarkivet.no\/kb20070223630402\" target=\"_blank\" rel=\"noreferrer noopener\">22 August 1845<\/a>, Ulvik <\/p>\n\n\n\n<p>He lived at Syse (brn 2, pl 2) from 1846 to 1866, according to the farm books, and  all the children were born there.  He was a shoemaker, managed a log saw (sawmill?) and was otherwise a handy man. According to census data he was also a fisherman. <\/p>\n\n\n\n<h3 class=\"wp-block-heading\">Children<\/h3>\n\n\n\n<ol class=\"wp-block-list\"><li>1846 &#8211; Anna (died)<\/li><li>1847 &#8211; <strong>Anna<\/strong> Andersdatter born <a href=\"https:\/\/www.digitalarkivet.no\/view\/255\/pd00000040698716\" target=\"_blank\" rel=\"noreferrer noopener\" title=\"Digital Archive entry\">10-03-1847<\/a>;  died ~1940. (For more information see <a href=\"https:\/\/roots.osa-clan.net\/index.php\/family-tree\/david-osa-1920-1965\/lars-nilsen-osa-1890-1924\/anna-andersdatter-1847-1940\/\" title=\"Anna Andersdatter (1847-1940)\">Anna&#8217;s page<\/a>)<\/li><li>1849 &#8211; <strong>Inga<\/strong> Andersdatter born <a href=\"https:\/\/www.digitalarkivet.no\/view\/255\/pd00000040699547\" target=\"_blank\" rel=\"noreferrer noopener\" title=\"Digital Archive transcript\">18-12-1849<\/a>; died <a href=\"https:\/\/www.digitalarkivet.no\/view\/267\/pg00000000847223\" target=\"_blank\" rel=\"noreferrer noopener\" title=\"Digital Archive transcript\">06-11-1913<\/a> at Voss nursing home; <ul><li>Not married but had a son <a href=\"https:\/\/www.digitalarkivet.no\/view\/255\/pd00000029910067\" target=\"_blank\" rel=\"noreferrer noopener\" title=\"Digital Archive transcript\">Ivar born 30 Sept 1873<\/a> who&#8217;s father was Jon Ivarsson Osa<\/li><\/ul><\/li><li>1853 &#8211; <strong>J\u00f8rgen<\/strong> Andersson born <a href=\"https:\/\/www.digitalarkivet.no\/kb20070223640061\" target=\"_blank\" rel=\"noreferrer noopener\" title=\"Church record for J\u00f8rgen (#16)\">10-02-1853<\/a>; died 1941; <ul><li>Married Anna Gurina Olsdtr (born 1860, S\u00e6vartveit) on <a href=\"https:\/\/www.digitalarkivet.no\/view\/327\/pv00000008116814\" target=\"_blank\" rel=\"noreferrer noopener\" title=\"Church record\">13 June 1878<\/a><\/li><li>They had 2 daughters Guro (1879) and Gudrun (1904); lived at S\u00e6vartveit<\/li><\/ul><\/li><li>1856 &#8211; <strong>Peder<\/strong> (or Per) Andersson born <a href=\"https:\/\/www.digitalarkivet.no\/view\/255\/pd00000029169028\" target=\"_blank\" rel=\"noreferrer noopener\" title=\"Digital Archive transcript\">12-08-1856<\/a>; died 1929; <ul><li>Married Guri Ivarsdatter (born 1852) <\/li><li>Had a daughter Guro (1892<\/li><\/ul><\/li><li>1860 &#8211; <a href=\"https:\/\/en.wikipedia.org\/wiki\/Lars_Osa\" target=\"_blank\" rel=\"noreferrer noopener\" title=\"Wikipedia entry\"><strong>Lars<\/strong> Andesen Osa<\/a> born <a href=\"https:\/\/www.digitalarkivet.no\/view\/255\/pd00000029170036\" target=\"_blank\" rel=\"noreferrer noopener\" title=\"Digital Archive transcript\">13-08-1860<\/a>; died 09-02-1958 in Osa, <ul><li>He was an artist: painter and fiddle player (<a href=\"https:\/\/nbl.snl.no\/Lars_Osa\" target=\"_blank\" rel=\"noreferrer noopener\" title=\"Bio in Norwegian\">Norwegian Biographical lexicon<\/a> &#8211; Norwegian only) <\/li><li>Married to Hermine Bernhoft from Oslo. <\/li><li>They had two sons, Theodor Berhnhoft Osa and <a href=\"https:\/\/en.wikipedia.org\/wiki\/Sigbj%C3%B8rn_Bernhoft_Osa\" target=\"_blank\" rel=\"noreferrer noopener\" title=\"Wikipedia entry\">Sigbj\u00f8rn Bernhoft Osa<\/a>, the latter was also a well known fiddle player.<\/li><li>Lived in Voss<\/li><\/ul><\/li><li>1863 &#8211; <strong>Katrine<\/strong> Andersdatter born 03-11-1863; died 1951<ul><li>Married Adolf Maurits Steenbock Arktander<\/li><\/ul><\/li><\/ol>\n\n\n\n<p>He took his family and moved to Osa (brn 5, pl 5: Sjohagen) and they all considered Osa their home.  He lived in Osa until his death on 24 April 1908<\/p>\n\n\n\n<h3 class=\"wp-block-heading\">Census data<\/h3>\n\n\n\n<ul class=\"wp-block-list\"><li>1865 &#8211; <a href=\"https:\/\/www.digitalarkivet.no\/census\/person\/pf01038234002439\" target=\"_blank\" rel=\"noreferrer noopener\" title=\"Digital Archive transcript\">Syse, L\u00e6qve, Ulvik<\/a>  &#8211; Anders and Guro with their children J\u00f8rgen (13), Peder (10), Lars (4) and Katrina (1). Anders is a &#8216;Husmand med jord&#8217; &#8211; a cottager who rented a small plot of land.<\/li><li>1875 &#8211;  <a href=\"https:\/\/www.digitalarkivet.no\/census\/person\/pf01052276002234\" title=\"Digital Archive transcript (p. 613 in scanned version)\" target=\"_blank\" rel=\"noreferrer noopener\">Osa: Sjohagen, Ulvik<\/a> &#8211; Anders is still a a cottager growing potatoes. They had a cow, a calf, 3 sheep and a 2 goats. He is now also a shoemaker. Living with him is his wife Guro, his children Peder, who is also a shoemaker Lars, and Katrina who are both helping his father.  Also living with them is his daughter Inga&#8217;s  2 year old son, Ivar Johnsen.        <\/li><li>1891 &#8211; <a href=\"https:\/\/www.digitalarkivet.no\/census\/person\/pf01052972000250\" target=\"_blank\" rel=\"noreferrer noopener\" title=\"Digital Archive transcript\">Osapollen, Osa, Ulvik<\/a> &#8211; <a href=\"https:\/\/www.digitalarkivet.no\/ft10061206126958\" target=\"_blank\" rel=\"noreferrer noopener\" title=\"Scanned record for Anders\">Anders<\/a> is no longer renting land, but is a fisherman.  Living with him is his wife <a href=\"https:\/\/www.digitalarkivet.no\/ft10061206126959\" target=\"_blank\" rel=\"noreferrer noopener\" title=\"Scanned record for Guro\">Guro<\/a>; his sons <a href=\"https:\/\/www.digitalarkivet.no\/ft10061206126960\" target=\"_blank\" rel=\"noreferrer noopener\" title=\"Scanned record for Lars\">Lars<\/a>, who is now an artist and <a href=\"https:\/\/www.digitalarkivet.no\/ft10061206126961\" target=\"_blank\" rel=\"noreferrer noopener\" title=\"Scanned record for Peder\">Peder<\/a>, who is a shoemaker, both paying for their board and lodgings; and his daughter <a href=\"https:\/\/www.digitalarkivet.no\/ft10061206126962\" target=\"_blank\" rel=\"noreferrer noopener\" title=\"Scanned record for Inga\">Inga<\/a> with her son <a href=\"https:\/\/www.digitalarkivet.no\/ft10061206126963\" target=\"_blank\" rel=\"noreferrer noopener\" title=\"Scanned record for Ivar\">Ivar Johnsen<\/a> .  <\/li><li>1900 &#8211; <a href=\"https:\/\/www.digitalarkivet.no\/census\/person\/pf01037312001506\" target=\"_blank\" rel=\"noreferrer noopener\" title=\"Digital Archive transcript\">Osa: Farm 37, brn 5 pl. Kaarapladse<\/a> &#8211; It was now just Anders with his wife Guro and daughter Inga.  They grew potatoes and had some animals and chickens. <\/li><\/ul>\n\n\n\n<hr class=\"wp-block-separator\"\/>\n\n\n\n<p><\/p>\n","protected":false},"excerpt":{"rendered":"<p>G5 (ff-m-f) Anders J\u00f8rgensen Osa (Places: Syse, Sjohagen, S\u00e6vartveit, Osa)Birth: 25 February 1817, Underland, UlvikDeath: 24 April 1908, OsaParents: J\u00f8rgen J\u00f8rgensson Fryste &amp; Anna Askjellsdatter UnderlandSiblings: Anna (1821-1907)Wife: Guro Pedersdatter RyggFarms: Syse Brn 2 Plass 2 (1846-1866); Osa Bnr 5, plass 5 : Sjohagen; Osa: S\u00e6vartveit?Occupations: Shoemaker, fisherman, lumberjack &amp; farmer Birth: Anders was born &hellip; <a href=\"https:\/\/roots.osa-clan.net\/index.php\/family-tree\/david-osa-1920-1965\/lars-nilsen-osa-1890-1924\/nils-davidsson-osa-1841-1910\/anders-jorgensson-1817-1908\/\" class=\"more-link\">Continue reading<span class=\"screen-reader-text\"> &#8220;Anders J\u00f8rgensson (1817-1908)&#8221;<\/span><\/a><\/p>\n","protected":false},"author":1,"featured_media":0,"parent":199,"menu_order":0,"comment_status":"closed","ping_status":"closed","template":"","meta":{"advgb_blocks_editor_width":"","advgb_blocks_columns_visual_guide":"","footnotes":""},"categories":[84,12],"tags":[109,36,59,31,60,51,30,61],"class_list":["post-441","page","type-page","status-publish","hentry","category-fathers-side","category-person","tag-ff-m-f","tag-g5","tag-g5-ff-m-f","tag-osa","tag-saevartveit","tag-syse","tag-ulvik","tag-underland","hfeed"],"aioseo_notices":[],"coauthors":[],"author_meta":{"author_link":"https:\/\/roots.osa-clan.net\/index.php\/author\/kirsten-osa\/","display_name":"kirsten.osa"},"relative_dates":{"created":"Posted 5 years ago","modified":"Updated 4 years ago"},"absolute_dates":{"created":"Posted on June 1, 2021","modified":"Updated on May 12, 2022"},"absolute_dates_time":{"created":"Posted on June 1, 2021 7:32 am","modified":"Updated on May 12, 2022 8:06 am"},"featured_img_caption":"","featured_img":false,"series_order":"","_links":{"self":[{"href":"https:\/\/roots.osa-clan.net\/index.php\/wp-json\/wp\/v2\/pages\/441","targetHints":{"allow":["GET"]}}],"collection":[{"href":"https:\/\/roots.osa-clan.net\/index.php\/wp-json\/wp\/v2\/pages"}],"about":[{"href":"https:\/\/roots.osa-clan.net\/index.php\/wp-json\/wp\/v2\/types\/page"}],"author":[{"embeddable":true,"href":"https:\/\/roots.osa-clan.net\/index.php\/wp-json\/wp\/v2\/users\/1"}],"replies":[{"embeddable":true,"href":"https:\/\/roots.osa-clan.net\/index.php\/wp-json\/wp\/v2\/comments?post=441"}],"version-history":[{"count":20,"href":"https:\/\/roots.osa-clan.net\/index.php\/wp-json\/wp\/v2\/pages\/441\/revisions"}],"predecessor-version":[{"id":845,"href":"https:\/\/roots.osa-clan.net\/index.php\/wp-json\/wp\/v2\/pages\/441\/revisions\/845"}],"up":[{"embeddable":true,"href":"https:\/\/roots.osa-clan.net\/index.php\/wp-json\/wp\/v2\/pages\/199"}],"wp:attachment":[{"href":"https:\/\/roots.osa-clan.net\/index.php\/wp-json\/wp\/v2\/media?parent=441"}],"wp:term":[{"taxonomy":"category","embeddable":true,"href":"https:\/\/roots.osa-clan.net\/index.php\/wp-json\/wp\/v2\/categories?post=441"},{"taxonomy":"post_tag","embeddable":true,"href":"https:\/\/roots.osa-clan.net\/index.php\/wp-json\/wp\/v2\/tags?post=441"}],"curies":[{"name":"wp","href":"https:\/\/api.w.org\/{rel}","templated":true}]}}