{"id":314,"date":"2021-05-28T11:01:50","date_gmt":"2021-05-28T10:01:50","guid":{"rendered":"http:\/\/roots.osa-clan.net\/?page_id=314"},"modified":"2021-07-01T07:12:07","modified_gmt":"2021-07-01T06:12:07","slug":"ulvik-herad-2","status":"publish","type":"page","link":"https:\/\/roots.osa-clan.net\/index.php\/locations\/ulvik-herad-2\/","title":{"rendered":"Ulvik Herad"},"content":{"rendered":"\n<p>Ulvik comes from the old Norse Ulfvik which means woolf cove. <\/p>\n\n\n\n<p>This area of the county stretches from the northeastern arms of the Hardangerfjord, extending into the Hardangervidda mountain plateau.  The train from Oslo to Bergen goes through Finse, the highest railway station in Norway. It goes through an area with no road access and is well worth the journey. <\/p>\n\n\n\n<p>Ulvik is Part of Hardanger &amp; Voss prosit in the Diocese of Bj\u00f8rgvin. In 1608 Ulvik and Graven separated from Kinsarvik.  In 1838 Graven( aka Granvin) parish included Ulvik and Eidefjord but from 1859 Graven is now part of Ulvik. <\/p>\n\n\n\n<p>This area has been settled for a very long time. There is evidence of old settlements here from 600 &#8211; 800 in Osa, \u00d8ydve, Torbl\u00e5, Lekve, H\u00e5heim, Hakastad, Vambleim, Sp\u00e5nheim, Oppheim, Vestrheim, Hallanger. In viking times (from 800) there were settlements in Kv\u00e5le, Hjeltnes and many more.<\/p>\n\n\n\n<p>From the farm and family books, Ulvik Heard was divided into 5 main areas : <a href=\"#ulvikbygda\" title=\"#ulvikbygda\">Ulvikbygda<\/a> (Ulvik village and surrounding farms, the largest ), <a href=\"#vangsbygd\" title=\"#vangsbygd\">Vangsbygd<\/a> (5 farms), <a href=\"#bagnstrond\" title=\"#bagnstrond\">Bagnstrond<\/a> (4 farms), <a href=\"#osagrenda\" title=\"#osagrenda\">Osagrenda<\/a> (3 farms), and Fjellkrinsen (the mountain area settlements along the railway line). <\/p>\n\n\n\n<figure class=\"wp-block-image size-large\"><img loading=\"lazy\" decoding=\"async\" width=\"1024\" height=\"535\" src=\"https:\/\/roots.osa-clan.net\/wp-content\/uploads\/2021\/05\/Ulvik-Google-maps-1024x535.jpg\" alt=\"\" class=\"wp-image-316\" srcset=\"https:\/\/roots.osa-clan.net\/wp-content\/uploads\/2021\/05\/Ulvik-Google-maps-1024x535.jpg 1024w, https:\/\/roots.osa-clan.net\/wp-content\/uploads\/2021\/05\/Ulvik-Google-maps-300x157.jpg 300w, https:\/\/roots.osa-clan.net\/wp-content\/uploads\/2021\/05\/Ulvik-Google-maps-768x401.jpg 768w, https:\/\/roots.osa-clan.net\/wp-content\/uploads\/2021\/05\/Ulvik-Google-maps-1200x627.jpg 1200w, https:\/\/roots.osa-clan.net\/wp-content\/uploads\/2021\/05\/Ulvik-Google-maps.jpg 1306w\" sizes=\"auto, (max-width: 1024px) 100vw, 1024px\" \/><\/figure>\n\n\n\n<h2 class=\"wp-block-heading\" id=\"ulvikbygda\">Ulvikbygda<\/h2>\n\n\n\n<p>This is the area around the village of Ulvik and it has by far the largest number of farms, 32 listed in the farm books. Many of the farms also had smaller crofts. This is also the area where many of my ancestors were born and lived.<\/p>\n\n\n\n<h3 class=\"wp-block-heading\">Hetlenes<\/h3>\n\n\n\n<p>This farm is one of the oldest in Ulvik. Ola Gunnarsson Ring\u00f8y married Eli Olsdatter, the widow of Kolbein Olsson who farmed Hetlenes. They lived at Torbl\u00e5 but later returned to Hetlenes where Sigrid Olsdatter was born. Sigrid married David Hallsteinsson from Bagne in 1757 and they ran \u2018bruk\u2019 1 at Hetlenes.<\/p>\n\n\n\n<h3 class=\"wp-block-heading\">Hjeltnes<\/h3>\n\n\n\n<p>There were many smaller crofts attached to Hjeltnes farm, among them Ure, one of the oldest settlements in the area. <\/p>\n\n\n\n<h4 class=\"wp-block-heading\">Bruk 1, Plass 1: Ure<\/h4>\n\n\n\n<p>Sigrid Olsdatter and David Hallsteinsson from Hetlenes (above) had a son, Rasmus who went to live at Ure. He was there in 1801 and his son <a href=\"https:\/\/roots.osa-clan.net\/index.php\/family-tree\/david-osa-1920-1965\/lars-nilsen-osa-1890-1924\/nils-davidsson-osa-1841-1910\/david-rasmusson-18901-1858\/\" title=\"David Rasmusson (1801-58)\">David<\/a> was born there.<\/p>\n\n\n\n<blockquote class=\"wp-block-quote is-style-default is-layout-flow wp-block-quote-is-layout-flow\"><p>This croft was located on the other side of the fjord a short distance outside Hetlenes and did not bear the name for nothing. On one side are huge stone mounds. On the other side a large ravine. But people seem to have lived in this spot for a long time.<\/p><cite>Translated from <strong>Ulvik : gards- og \u00e6ttesoga. 1<\/strong>&nbsp;: Almennsoga og ein del gards- og \u00e6ttesoga (Kolltveit, Olav | Kvestad, Johannes | Dyrvik, Torbj\u00f8rn) page 375<\/cite><\/blockquote>\n\n\n\n<h4 class=\"wp-block-heading\">Bruk 1, Plass 2: Karko<\/h4>\n\n\n\n<p><a href=\"https:\/\/roots.osa-clan.net\/index.php\/family-tree\/david-osa-1920-1965\/lars-nilsen-osa-1890-1924\/nils-davidsson-osa-1841-1910\/david-rasmusson-18901-1858\/\" title=\"David Rasmusson (1801-58)\">David Rasmusson<\/a> cleared this croft in the 1820s. His widow Kari Larsdatter took over after his death and ran it for many years, later helped by her son <a href=\"https:\/\/roots.osa-clan.net\/index.php\/family-tree\/david-osa-1920-1965\/lars-nilsen-osa-1890-1924\/nils-davidsson-osa-1841-1910\/\" title=\"Nils Davidsson Osa (1841-1910)\">Nils Davidsson<\/a>. In 1865 they had one cow and four sheep and they grew, at most, 1000kg potatoes. By 1875 her son Sjur had taken over the farm, although he didn&#8217;t receive the deeds until 1876.  He had two cows, three sheep and grew 750kg potatoes. This was not enough to feed his large family and so he also worked for various other people. His mother Kari and brother Nils had moved on to Osa at this point.<\/p>\n\n\n\n<blockquote class=\"wp-block-quote is-style-default is-layout-flow wp-block-quote-is-layout-flow\"><p>Any interpretation of this strange name [Karko] is difficult to find. Maybe it has something to do with Kari, the wife of the first man to farm here? The man died early, and she sat as a widow with the croft for many years.<\/p><cite>Translated from <strong>Ulvik : gards- og \u00e6ttesoga. 1<\/strong>&nbsp;: Almennsoga og ein del gards- og \u00e6ttesoga (Kolltveit, Olav | Kvestad, Johannes | Dyrvik, Torbj\u00f8rn) page 400<\/cite><\/blockquote>\n\n\n\n<h2 class=\"wp-block-heading\" id=\"vangsbygd\">Vangsbygd<\/h2>\n\n\n\n<hr class=\"wp-block-separator\"\/>\n\n\n\n<p>TBD <\/p>\n\n\n\n<hr class=\"wp-block-separator\"\/>\n\n\n\n<h2 class=\"wp-block-heading\" id=\"bagnstrond\">Bagnstrond<\/h2>\n\n\n\n<p>There are 4 main farms in this area. They are Bagne, Bagnsnes, Bolstad and Holkasvik. Of these, as far as I can tell, my ancestors only lived on Bagne. The in formation is taken from the Farm Books.<\/p>\n\n\n\n<h3 class=\"wp-block-heading\">Bagne<\/h3>\n\n\n\n<p>The farm is at an elevation of 540m&nbsp;<\/p>\n\n\n\n<p>The first person listed in the farm books for this farm is&nbsp;<strong>Magnus<\/strong>&nbsp;or Magne. He was a tenant from 1603. Little is known about him. He probably had three children, Odd,&nbsp;<strong>Ragnhild<\/strong>&nbsp;and Askjell. Ragnhild married&nbsp;<strong>Elling Kjetilsson<\/strong>&nbsp;who took over the farm after his brother-in-law in 1656. The farm burned down in 1688 They had 10 children and&nbsp;<strong>Hallstein<\/strong>, the youngest but one, married&nbsp;<strong>Marta Davidsdatter Hotle<\/strong>. They lived at Hotle for a while before returning to Bagne to take over the farm (when?). During this period there are 9 other names listed for the farm.<\/p>\n\n\n\n<p>Hallstein and Marta had 6 children all born at Bagne. My direct descendent is&nbsp;<strong>David Hallsteinsson<\/strong>&nbsp;who went to Hetlenes. One of his brothers ran the farm and his son after him until after 1792 but they were no longer there in 1801.<\/p>\n\n\n\n<hr class=\"wp-block-separator\"\/>\n\n\n\n<h2 class=\"wp-block-heading\" id=\"osagrenda\">Osagrenda<\/h2>\n\n\n\n<p>This is the area at the end of Osa fjord. There were 3 main farms here: Sygnestveit, Osa og S\u00e6vartveit. This is where my father was born.  My grandparents were not farmers, Kari had a a shop and later a cafe and Lars was a painter. <\/p>\n\n\n\n<h3 class=\"wp-block-heading\">Osa<\/h3>\n\n\n\n<h3 class=\"wp-block-heading\">Sygnestveit<\/h3>\n\n\n\n<hr class=\"wp-block-separator\"\/>\n\n\n\n<p>Notes:<\/p>\n<p>Hotle farm is located in Eidfjord. It&#8217;s about 875m above sea level. It&#8217;s in either Eidfjord or Ullensvang borough (wip)<\/p>\n\n\n\n<h3 class=\"wp-block-heading\">References<\/h3>\n\n\n\n<ul class=\"wp-block-list\"><li><a href=\"https:\/\/familysearch.org\/wiki\/en\/File:948.32-U2_D2u_V1_-_Ulvik_1.pdf\" target=\"_blank\" rel=\"noreferrer noopener\" title=\"Pdf with Farm Names \">https:\/\/familysearch.org\/wiki\/en\/File:948.32-U2_D2u_V1_-_Ulvik_1.pdf<\/a> \u2014 A list of farm names<\/li><li><a href=\"https:\/\/www.ulvik.kommune.no\/stadnamn\/\" target=\"_blank\" rel=\"noreferrer noopener\">https:\/\/www.ulvik.kommune.no\/stadnamn\/<\/a> \u2014 Place names in Ulvik herad (in Norwegian)<\/li><li><\/li><\/ul>\n","protected":false},"excerpt":{"rendered":"<p>Ulvik comes from the old Norse Ulfvik which means woolf cove. This area of the county stretches from the northeastern arms of the Hardangerfjord, extending into the Hardangervidda mountain plateau. The train from Oslo to Bergen goes through Finse, the highest railway station in Norway. It goes through an area with no road access and &hellip; <a href=\"https:\/\/roots.osa-clan.net\/index.php\/locations\/ulvik-herad-2\/\" class=\"more-link\">Continue reading<span class=\"screen-reader-text\"> &#8220;Ulvik Herad&#8221;<\/span><\/a><\/p>\n","protected":false},"author":1,"featured_media":0,"parent":28,"menu_order":0,"comment_status":"closed","ping_status":"closed","template":"","meta":{"advgb_blocks_editor_width":"","advgb_blocks_columns_visual_guide":"","footnotes":""},"categories":[13],"tags":[29,31,30],"class_list":["post-314","page","type-page","status-publish","hentry","category-location","tag-hordaland","tag-osa","tag-ulvik","hfeed"],"aioseo_notices":[],"coauthors":[],"author_meta":{"author_link":"https:\/\/roots.osa-clan.net\/index.php\/author\/kirsten-osa\/","display_name":"kirsten.osa"},"relative_dates":{"created":"Posted 5 years ago","modified":"Updated 5 years ago"},"absolute_dates":{"created":"Posted on May 28, 2021","modified":"Updated on July 1, 2021"},"absolute_dates_time":{"created":"Posted on May 28, 2021 11:01 am","modified":"Updated on July 1, 2021 7:12 am"},"featured_img_caption":"","featured_img":false,"series_order":"","_links":{"self":[{"href":"https:\/\/roots.osa-clan.net\/index.php\/wp-json\/wp\/v2\/pages\/314","targetHints":{"allow":["GET"]}}],"collection":[{"href":"https:\/\/roots.osa-clan.net\/index.php\/wp-json\/wp\/v2\/pages"}],"about":[{"href":"https:\/\/roots.osa-clan.net\/index.php\/wp-json\/wp\/v2\/types\/page"}],"author":[{"embeddable":true,"href":"https:\/\/roots.osa-clan.net\/index.php\/wp-json\/wp\/v2\/users\/1"}],"replies":[{"embeddable":true,"href":"https:\/\/roots.osa-clan.net\/index.php\/wp-json\/wp\/v2\/comments?post=314"}],"version-history":[{"count":13,"href":"https:\/\/roots.osa-clan.net\/index.php\/wp-json\/wp\/v2\/pages\/314\/revisions"}],"predecessor-version":[{"id":764,"href":"https:\/\/roots.osa-clan.net\/index.php\/wp-json\/wp\/v2\/pages\/314\/revisions\/764"}],"up":[{"embeddable":true,"href":"https:\/\/roots.osa-clan.net\/index.php\/wp-json\/wp\/v2\/pages\/28"}],"wp:attachment":[{"href":"https:\/\/roots.osa-clan.net\/index.php\/wp-json\/wp\/v2\/media?parent=314"}],"wp:term":[{"taxonomy":"category","embeddable":true,"href":"https:\/\/roots.osa-clan.net\/index.php\/wp-json\/wp\/v2\/categories?post=314"},{"taxonomy":"post_tag","embeddable":true,"href":"https:\/\/roots.osa-clan.net\/index.php\/wp-json\/wp\/v2\/tags?post=314"}],"curies":[{"name":"wp","href":"https:\/\/api.w.org\/{rel}","templated":true}]}}