{"id":1038,"date":"2022-03-10T12:00:37","date_gmt":"2022-03-10T12:00:37","guid":{"rendered":"http:\/\/roots.osa-clan.net\/?page_id=1038"},"modified":"2022-05-12T08:17:22","modified_gmt":"2022-05-12T07:17:22","slug":"margrete-jakobsdatter-1830-1912","status":"publish","type":"page","link":"https:\/\/roots.osa-clan.net\/index.php\/family-tree\/david-osa-1920-1965\/kari-marie-larsdatter-vattedal-1887-1975\/kari-jonsdatter-1851-99\/margrete-jakobsdatter-1830-1912\/","title":{"rendered":"Margrete Jakobsdatter (1830-1912)"},"content":{"rendered":"\n<blockquote class=\"wp-block-quote is-layout-flow wp-block-quote-is-layout-flow\"><p>G5 (fm-m-m)&nbsp;<strong>Margrete Jokobsdatter Boland<\/strong><br><strong>Birth<\/strong>:&nbsp;<a href=\"https:\/\/www.digitalarkivet.no\/kb20070510660573\" target=\"_blank\" rel=\"noreferrer noopener\">20-02-1830<\/a>,&nbsp;<strong>Boland<\/strong>, Kvinnherad<br><strong>Death<\/strong>:&nbsp;<a href=\"https:\/\/www.digitalarkivet.no\/kb20060809090505\" target=\"_blank\" rel=\"noreferrer noopener\">20-04-1912<\/a>,&nbsp;Dunbakken <strong>Hauge<\/strong>, Kvinnherad<br><strong>Parents<\/strong>: Jacob Hansson (1788-1861) &amp; Ellen Femsteinevik (1801)<br><strong>Siblings<\/strong>: Hans (1825), Ingjald\/Engel (1827), Lars (1832-33), Anna Dortea (1834), Olav (1836), Ellen (1841), Elisabeth (1846)<br><strong>Husband<\/strong>:&nbsp;<a href=\"https:\/\/roots.osa-clan.net\/index.php\/family-tree\/david-osa-1920-1965\/kari-marie-larsdatter-vattedal-1887-1975\/kari-jonsdatter-1851-99\/jon-olsson-dunbakken-1825-1917\/\" title=\"Jon Olsson Dunbakken (1825-1917)\">Jon Olsen Dunbakken<\/a>&nbsp;(1825-1917)<\/p><\/blockquote>\n\n\n\n<p><strong>Marriage<\/strong>:&nbsp;<a href=\"https:\/\/www.digitalarkivet.no\/kb20070510660591\" target=\"_blank\" rel=\"noreferrer noopener\">12 October 1850<\/a>&nbsp;Kvinnherad<\/p>\n\n\n\n<h3 class=\"wp-block-heading\">Children<\/h3>\n\n\n\n<ol class=\"wp-block-list\"><li>1851 \u2013 <a href=\"https:\/\/roots.osa-clan.net\/index.php\/family-tree\/david-osa-1920-1965\/kari-marie-larsdatter-vattedal-1887-1975\/kari-jonsdatter-1851-99\/\"><strong>Kari Jonsdatter<\/strong><\/a> (dob 9 May 1851, Leite \u2013 death June 6 1899)<\/li><li>1854 \u2013 Elna \/ Elen (dob <a href=\"https:\/\/www.digitalarkivet.no\/kb20070222620326\" target=\"_blank\" rel=\"noreferrer noopener\">24 May 1854<\/a>, Dunbakken) unmarried but had son Jakob, went to the US<\/li><li>1857 \u2013 Anna (dob <a href=\"https:\/\/www.digitalarkivet.no\/kb20070222620348\" target=\"_blank\" rel=\"noreferrer noopener\">5 Jan 1857<\/a>, Dunbakken, died 06 April 1917, Iowa, USA) emigrated to US in in 1884 and married Iver Svaleson (1861-1902) in 1889. They had the following children:<ol><li>Melinda Svaleson (1890-1936)<\/li><li>Martha Jeanette Svaleson (1892-1989)<\/li><li>Svale Svaleson (1894-1926)<\/li><li>Iver Magnus Svaleson (1896-1986)<\/li><li>Carl J. Svaleson (1899-1956)<\/li><li>Margaret Berglite Svaleson (1901-1978)<\/li><\/ol><\/li><li>1859 \u2013 Alis (dob <a href=\"https:\/\/www.digitalarkivet.no\/kb20070222620361\" target=\"_blank\" rel=\"noreferrer noopener\">29 Sept 1859<\/a>, Dunbakken &#8211; died in the US after 1946) \u2013 emigrated to USA<\/li><li>1862 \u2013 Jakob (dob <a href=\"https:\/\/www.digitalarkivet.no\/kb20070222620375\" target=\"_blank\" rel=\"noreferrer noopener\">21 July 1862<\/a>, Dunbakken) \u2013 emigrated to USA.<\/li><li>1865 \u2013 Ole \/ Olav (dob <a href=\"https:\/\/www.digitalarkivet.no\/kb20070222620391\" target=\"_blank\" rel=\"noreferrer noopener\">26 Aug 1865<\/a>, Dunbakken) \u2013 emigrated to USA.<\/li><li>1869 \u2013 Margrete. (dob <a href=\"https:\/\/www.digitalarkivet.no\/kb20070222620414\" target=\"_blank\" rel=\"noreferrer noopener\">6 March 1869<\/a>, Dunbakken)<\/li><li>1870 \u2013 John (dob <a href=\"https:\/\/www.digitalarkivet.no\/kb20070222620427\" target=\"_blank\" rel=\"noreferrer noopener\">25 Nov 1870<\/a>, Dunbakken, died 1942, Dunbakken) <ol><li>Married Brita Brynjelsdotter Li (1870-1898) in 1891. They had the following children: Maddel (1891-1930), Jakob (1893), John (1895-1897) &amp; Brynjulv (1897).<\/li><li>Married Ingeborg Karolina Eilivsdatter (1877-?) in 1900. They had the following children: Britha (1900-1980), Jon (1901-1940), Boletta (1903), Kari Olava (1904), Emma (1907), Dorthea (1909), Edward (1914) <\/li><\/ol><\/li><li>1875 \u2013 Brynjel (dob <a href=\"https:\/\/www.digitalarkivet.no\/kb20061229670679\" target=\"_blank\" rel=\"noreferrer noopener\">03 April 1875<\/a>, Dunbakken) &#8211; emigrated to USA<\/li><\/ol>\n\n\n\n<h3 class=\"wp-block-heading\">Census data<\/h3>\n\n\n\n<ul class=\"wp-block-list\"><li><strong>1865<\/strong>&nbsp;: 31 December&nbsp;<a href=\"https:\/\/www.digitalarkivet.no\/ft20090729310053\" target=\"_blank\" rel=\"noreferrer noopener\">Kvinnherad<\/a>&nbsp;Census for&nbsp;Haugedunsbakken has Margrethe Jakobsdatter (age 36) living with her husband John Olsen (41) and their children Kari (15), Elen (12), Anna (9), Alis (7), Jakob (4) &amp; Ole (1).<\/li><li><strong>1891<\/strong> : 1 January <a href=\"https:\/\/www.digitalarkivet.no\/ft10061104044596\" target=\"_blank\" rel=\"noreferrer noopener\">Kvinnherad<\/a> Census has Margrethe Jakobsdatter (age 61) living with her husband John Olavson Dunbakken, and their sons Jon and Brynjulv<\/li><li><strong>1910<\/strong> : <a href=\"https:\/\/www.digitalarkivet.no\/census\/person\/pf01036671001215\" target=\"_blank\" rel=\"noreferrer noopener\">Kvinnherad<\/a> Census has Margrete Jakobsdatter (dob 20\/02\/1830) living at Dunbakken with her husband John Olsen Dunbakken (dob 15\/01\/1825) and their daugher Elen (dob 27\/05\/1854).<br>Also living with them is their grandson Brynjulv Jonsen (dob 26 June 1897), the son of their son John Johnson (25\/11\/1870) from his 1st marriage. John Johnson is living at the same farm, which he owns, with his new wife Karoline Eilivsdatter (29\/05\/1877) and 6 children. The records has not been scanned but have been indexed and can be searched.<\/li><\/ul>\n\n\n\n<h3 class=\"wp-block-heading\">Death:<\/h3>\n\n\n\n<p>Margreta Jakobsdatter died on <a href=\"https:\/\/www.digitalarkivet.no\/kb20060809090505\" target=\"_blank\" rel=\"noreferrer noopener\">20 April 1912<\/a> from a fall, leaving her husband Jon Olavson a widower. <\/p>\n\n\n\n<h2 class=\"wp-block-heading\">Notes and references<\/h2>\n\n\n\n<p>FamilySearch ID:&nbsp;<a href=\"https:\/\/www.familysearch.org\/tree\/person\/details\/LZYD-68Z\" target=\"_blank\" rel=\"noreferrer noopener\">LZYD-68Z<\/a><\/p>\n\n\n\n<p>Kvinnherad 2 Gards- og \u00e6ttesoga soknene \u00d8lve, Hatlestrand, \u00c6nes : Boland, p289 (#23c) and Hauge, p309 (#25)<\/p>\n\n\n\n<pre class=\"wp-block-preformatted\">-&gt; <a href=\"https:\/\/roots.osa-clan.net\/index.php\/family-tree\/david-osa-1920-1965\/kari-marie-larsdatter-vattedal-1887-1975\/kari-jonsdatter-1851-99\/\">Kari Jonsdatter<\/a> (1851-1899) <em>\u2014&gt; <a href=\"https:\/\/roots.osa-clan.net\/index.php\/family-tree\/david-osa-1920-1965\/kari-marie-larsdatter-vattedal-1887-1975\/\">Kari Osa<\/a> (1887-1975) -&gt; <a href=\"https:\/\/roots.osa-clan.net\/index.php\/family-tree\/david-osa-1920-1965\/\">David Osa<\/a> (1920-1965) -&gt; Kirsten<\/em><\/pre>\n\n\n\n<p><a href=\"https:\/\/roots.osa-clan.net\/wp-admin\/post.php?post=1026&amp;action=edit\"><\/a><\/p>\n","protected":false},"excerpt":{"rendered":"<p>G5 (fm-m-m)&nbsp;Margrete Jokobsdatter BolandBirth:&nbsp;20-02-1830,&nbsp;Boland, KvinnheradDeath:&nbsp;20-04-1912,&nbsp;Dunbakken Hauge, KvinnheradParents: Jacob Hansson (1788-1861) &amp; Ellen Femsteinevik (1801)Siblings: Hans (1825), Ingjald\/Engel (1827), Lars (1832-33), Anna Dortea (1834), Olav (1836), Ellen (1841), Elisabeth (1846)Husband:&nbsp;Jon Olsen Dunbakken&nbsp;(1825-1917) Marriage:&nbsp;12 October 1850&nbsp;Kvinnherad Children 1851 \u2013 Kari Jonsdatter (dob 9 May 1851, Leite \u2013 death June 6 1899) 1854 \u2013 Elna \/ Elen (dob &hellip; <a href=\"https:\/\/roots.osa-clan.net\/index.php\/family-tree\/david-osa-1920-1965\/kari-marie-larsdatter-vattedal-1887-1975\/kari-jonsdatter-1851-99\/margrete-jakobsdatter-1830-1912\/\" class=\"more-link\">Continue reading<span class=\"screen-reader-text\"> &#8220;Margrete Jakobsdatter (1830-1912)&#8221;<\/span><\/a><\/p>\n","protected":false},"author":1,"featured_media":0,"parent":567,"menu_order":0,"comment_status":"closed","ping_status":"closed","template":"","meta":{"advgb_blocks_editor_width":"","advgb_blocks_columns_visual_guide":"","footnotes":""},"categories":[84,12],"tags":[103,99,102,36,101,93,46],"class_list":["post-1038","page","type-page","status-publish","hentry","category-fathers-side","category-person","tag-boland","tag-dunbakken","tag-fm-m-m","tag-g5","tag-g5-fm-m-m","tag-hauge","tag-kvinnherad","hfeed"],"aioseo_notices":[],"coauthors":[],"author_meta":{"author_link":"https:\/\/roots.osa-clan.net\/index.php\/author\/kirsten-osa\/","display_name":"kirsten.osa"},"relative_dates":{"created":"Posted 4 years ago","modified":"Updated 4 years ago"},"absolute_dates":{"created":"Posted on March 10, 2022","modified":"Updated on May 12, 2022"},"absolute_dates_time":{"created":"Posted on March 10, 2022 12:00 pm","modified":"Updated on May 12, 2022 8:17 am"},"featured_img_caption":"","featured_img":false,"series_order":"","_links":{"self":[{"href":"https:\/\/roots.osa-clan.net\/index.php\/wp-json\/wp\/v2\/pages\/1038","targetHints":{"allow":["GET"]}}],"collection":[{"href":"https:\/\/roots.osa-clan.net\/index.php\/wp-json\/wp\/v2\/pages"}],"about":[{"href":"https:\/\/roots.osa-clan.net\/index.php\/wp-json\/wp\/v2\/types\/page"}],"author":[{"embeddable":true,"href":"https:\/\/roots.osa-clan.net\/index.php\/wp-json\/wp\/v2\/users\/1"}],"replies":[{"embeddable":true,"href":"https:\/\/roots.osa-clan.net\/index.php\/wp-json\/wp\/v2\/comments?post=1038"}],"version-history":[{"count":2,"href":"https:\/\/roots.osa-clan.net\/index.php\/wp-json\/wp\/v2\/pages\/1038\/revisions"}],"predecessor-version":[{"id":1044,"href":"https:\/\/roots.osa-clan.net\/index.php\/wp-json\/wp\/v2\/pages\/1038\/revisions\/1044"}],"up":[{"embeddable":true,"href":"https:\/\/roots.osa-clan.net\/index.php\/wp-json\/wp\/v2\/pages\/567"}],"wp:attachment":[{"href":"https:\/\/roots.osa-clan.net\/index.php\/wp-json\/wp\/v2\/media?parent=1038"}],"wp:term":[{"taxonomy":"category","embeddable":true,"href":"https:\/\/roots.osa-clan.net\/index.php\/wp-json\/wp\/v2\/categories?post=1038"},{"taxonomy":"post_tag","embeddable":true,"href":"https:\/\/roots.osa-clan.net\/index.php\/wp-json\/wp\/v2\/tags?post=1038"}],"curies":[{"name":"wp","href":"https:\/\/api.w.org\/{rel}","templated":true}]}}