{"id":1026,"date":"2022-03-08T14:50:25","date_gmt":"2022-03-08T14:50:25","guid":{"rendered":"http:\/\/roots.osa-clan.net\/?page_id=1026"},"modified":"2022-03-10T12:01:33","modified_gmt":"2022-03-10T12:01:33","slug":"jon-olsson-dunbakken-1825-1917","status":"publish","type":"page","link":"https:\/\/roots.osa-clan.net\/index.php\/family-tree\/david-osa-1920-1965\/kari-marie-larsdatter-vattedal-1887-1975\/kari-jonsdatter-1851-99\/jon-olsson-dunbakken-1825-1917\/","title":{"rendered":"Jon Olsson Dunbakken (1825-1917)"},"content":{"rendered":"\n<blockquote class=\"wp-block-quote is-layout-flow wp-block-quote-is-layout-flow\"><p>G5 (fm-m-f)\u00a0<strong>John Olsen Dunbakken<\/strong><br><strong>Birth<\/strong>:\u00a0<a href=\"https:\/\/www.digitalarkivet.no\/kb20070510660573\" target=\"_blank\" rel=\"noreferrer noopener\">16-01-1825<\/a>,\u00a0<strong>Hjortland<\/strong>, Kvinnherad<br><strong>Death<\/strong>:\u00a0<a href=\"https:\/\/www.digitalarkivet.no\/kb20060809090507\" target=\"_blank\" rel=\"noreferrer noopener\">08-11-1917<\/a>,\u00a0<strong>Dunbakken<\/strong>, Kvinnherad, from cancer<br><strong>Parents<\/strong>: Olav Brynjelson (1780) &amp; Kari Knutsdatter (1778-1855)<br><strong>Siblings<\/strong>: Brynjel (1804-04), Anna (1805), Alis (1807), Kari (1809-34), Brynjel (1811), Knut (1813), Kristi (1815), Eilef (1817), Eli (1819), Kari (1821-21)<br><strong>Wife<\/strong>:\u00a0<a href=\"https:\/\/roots.osa-clan.net\/index.php\/family-tree\/david-osa-1920-1965\/kari-marie-larsdatter-vattedal-1887-1975\/kari-jonsdatter-1851-99\/margrete-jakobsdatter-1830-1912\/\" title=\"Margrete Jakobsdatter (1830-1912)\">Margrete Jakobsdatter<\/a>\u00a0(1830-1912) from Boland<br><strong>Occupations<\/strong>: Boat and house builder, carpenter and farmer<\/p><\/blockquote>\n\n\n\n<p><strong>Marriage<\/strong>:&nbsp;<a href=\"https:\/\/www.digitalarkivet.no\/kb20070510660591\" target=\"_blank\" rel=\"noreferrer noopener\">12 October 1850<\/a>&nbsp;Kvinnherad<\/p>\n\n\n\n<h3 class=\"wp-block-heading\">Children<\/h3>\n\n\n\n<ol class=\"wp-block-list\"><li>1851 &#8211; <a href=\"https:\/\/roots.osa-clan.net\/index.php\/family-tree\/david-osa-1920-1965\/kari-marie-larsdatter-vattedal-1887-1975\/kari-jonsdatter-1851-99\/\" title=\"Kari Jonsdatter (1851-1899)\">Kari Jonsdatter<\/a> (dob 9 May 1851, Leite &#8211; death June 6 1899)<\/li><li>1854 &#8211; Elna  \/ Elen (dob <a href=\"https:\/\/www.digitalarkivet.no\/kb20070222620326\" target=\"_blank\" rel=\"noreferrer noopener\">24 May 1854<\/a>, Hauge) unmarried but had son Jakob, went to USA<\/li><li>1857 &#8211; Anna (dob <a href=\"https:\/\/www.digitalarkivet.no\/kb20070222620348\" target=\"_blank\" rel=\"noreferrer noopener\">5 Jan 1857<\/a>,  died 06\/04\/1917 ?) to USA <\/li><li>1859 &#8211; Alis (dob <a href=\"https:\/\/www.digitalarkivet.no\/kb20070222620361\" target=\"_blank\" rel=\"noreferrer noopener\">29 Sept 1859<\/a>) &#8211; to USA <\/li><li>1862 &#8211; Jakob (dob <a href=\"https:\/\/www.digitalarkivet.no\/kb20070222620375\" target=\"_blank\" rel=\"noreferrer noopener\">21 July 1862<\/a>) &#8211; to USA. <\/li><li>1865 &#8211; Ole \/ Olav (dob <a href=\"https:\/\/www.digitalarkivet.no\/kb20070222620391\" target=\"_blank\" rel=\"noreferrer noopener\">26 Aug 1865<\/a>) &#8211; to USA. <\/li><li>1869 &#8211; Margrete. (dob <a href=\"https:\/\/www.digitalarkivet.no\/kb20070222620414\" target=\"_blank\" rel=\"noreferrer noopener\">6 March 1869<\/a>)<\/li><li>1870 &#8211; John (dob <a href=\"https:\/\/www.digitalarkivet.no\/kb20070222620427\" target=\"_blank\" rel=\"noreferrer noopener\">25 Nov 1870<\/a>)<\/li><li>1875 &#8211; Brynjel (dob <a href=\"https:\/\/www.digitalarkivet.no\/kb20061229670679\" target=\"_blank\" rel=\"noreferrer noopener\">03 April 1875<\/a>)- to USA<\/li><\/ol>\n\n\n\n<h3 class=\"wp-block-heading\">Census data<\/h3>\n\n\n\n<ul class=\"wp-block-list\"><li><strong>1865<\/strong>&nbsp;: 31 December&nbsp;<a href=\"https:\/\/www.digitalarkivet.no\/ft20090729310053\" target=\"_blank\" rel=\"noreferrer noopener\">Kvinnherad<\/a>&nbsp;Census for&nbsp;Haugedunsbakken has John Olsen (age 41) living with his wife Margrethe Jakobsdatter (36) and their children Kari (15), Elen (12), Anna (9), Alis (7), Jakob (4) &amp; Ole (1).<\/li><li><strong>1891<\/strong> : 1 January <a href=\"https:\/\/www.digitalarkivet.no\/ft10061104044596\" target=\"_blank\" rel=\"noreferrer noopener\">Kvinnherad<\/a> Census has John Olavson Dunbakken, now a ship and house builder as well as a carpenter and farmer, living with his wife Margrethe Jakobsdatter (61) and their sons Jon and Brynjulv<\/li><li><strong>1910<\/strong> : <a href=\"https:\/\/www.digitalarkivet.no\/census\/person\/pf01036671001215\" target=\"_blank\" rel=\"noreferrer noopener\">Kvinnherad<\/a> Census has John Olsen Dunbakken, a carpener, (dob 15\/01\/1825) with his wife Margrete Jakobsdatter (20\/02\/1830) and their daugher Elen (dob 27\/05\/1854).<br>Also living with them is his grandson Brynjulv Jonsen (dob 26 June 1897), the son of his son John Johnson (25\/11\/1870) from his 1st marriage. John Johnson is living at the same farm, which he owns, with his new wife Karoline Eilivsdatter (29\/05\/1877) and 6 children. The records has not been scanned but have been indexed and can be searched.<\/li><\/ul>\n\n\n\n<h3 class=\"wp-block-heading\">Death:<\/h3>\n\n\n\n<p>John Olavson died a widower <a href=\"https:\/\/www.digitalarkivet.no\/kb20060809090507\" target=\"_blank\" rel=\"noreferrer noopener\">8 November 1917<\/a>, cause of death unknown.<\/p>\n\n\n\n<h2 class=\"wp-block-heading\">Notes and references<\/h2>\n\n\n\n<p>FamilySearch ID:&nbsp;<a href=\"https:\/\/www.familysearch.org\/tree\/person\/details\/KCF9-HVR\" target=\"_blank\" rel=\"noreferrer noopener\">KCF9-HVR<\/a><\/p>\n\n\n\n<p>Kvinnherad 2 Gards- og \u00e6ttesoga soknene \u00d8lve, Hatlestrand, \u00c6nes :  Hjortland, p250 (#34k) and Hauge, p309 (#25) <\/p>\n\n\n\n<p><\/p>\n\n\n\n<pre class=\"wp-block-preformatted\">-&gt; <a href=\"https:\/\/roots.osa-clan.net\/index.php\/family-tree\/david-osa-1920-1965\/kari-marie-larsdatter-vattedal-1887-1975\/kari-jonsdatter-1851-99\/\" title=\"Kari Jonsdatter (1851-1899)\">Kari Jonsdatter<\/a> (1851-1899) <em>\u2014&gt; <a href=\"https:\/\/roots.osa-clan.net\/index.php\/family-tree\/david-osa-1920-1965\/kari-marie-larsdatter-vattedal-1887-1975\/\">Kari Osa<\/a> (1887-1975) -&gt; <a href=\"https:\/\/roots.osa-clan.net\/index.php\/family-tree\/david-osa-1920-1965\/\">David Osa<\/a> (1920-1965) -&gt; Kirsten<\/em><\/pre>\n","protected":false},"excerpt":{"rendered":"<p>G5 (fm-m-f)\u00a0John Olsen DunbakkenBirth:\u00a016-01-1825,\u00a0Hjortland, KvinnheradDeath:\u00a008-11-1917,\u00a0Dunbakken, Kvinnherad, from cancerParents: Olav Brynjelson (1780) &amp; Kari Knutsdatter (1778-1855)Siblings: Brynjel (1804-04), Anna (1805), Alis (1807), Kari (1809-34), Brynjel (1811), Knut (1813), Kristi (1815), Eilef (1817), Eli (1819), Kari (1821-21)Wife:\u00a0Margrete Jakobsdatter\u00a0(1830-1912) from BolandOccupations: Boat and house builder, carpenter and farmer Marriage:&nbsp;12 October 1850&nbsp;Kvinnherad Children 1851 &#8211; Kari Jonsdatter (dob 9 &hellip; <a href=\"https:\/\/roots.osa-clan.net\/index.php\/family-tree\/david-osa-1920-1965\/kari-marie-larsdatter-vattedal-1887-1975\/kari-jonsdatter-1851-99\/jon-olsson-dunbakken-1825-1917\/\" class=\"more-link\">Continue reading<span class=\"screen-reader-text\"> &#8220;Jon Olsson Dunbakken (1825-1917)&#8221;<\/span><\/a><\/p>\n","protected":false},"author":1,"featured_media":0,"parent":567,"menu_order":0,"comment_status":"closed","ping_status":"closed","template":"","meta":{"advgb_blocks_editor_width":"","advgb_blocks_columns_visual_guide":"","footnotes":""},"categories":[84,12],"tags":[99,98,36,97,93,100,46],"class_list":["post-1026","page","type-page","status-publish","hentry","category-fathers-side","category-person","tag-dunbakken","tag-fm-m-f","tag-g5","tag-g5-fm-m-f","tag-hauge","tag-hjortland","tag-kvinnherad","hfeed"],"aioseo_notices":[],"coauthors":[],"author_meta":{"author_link":"https:\/\/roots.osa-clan.net\/index.php\/author\/kirsten-osa\/","display_name":"kirsten.osa"},"relative_dates":{"created":"Posted 4 years ago","modified":"Updated 4 years ago"},"absolute_dates":{"created":"Posted on March 8, 2022","modified":"Updated on March 10, 2022"},"absolute_dates_time":{"created":"Posted on March 8, 2022 2:50 pm","modified":"Updated on March 10, 2022 12:01 pm"},"featured_img_caption":"","featured_img":false,"series_order":"","_links":{"self":[{"href":"https:\/\/roots.osa-clan.net\/index.php\/wp-json\/wp\/v2\/pages\/1026","targetHints":{"allow":["GET"]}}],"collection":[{"href":"https:\/\/roots.osa-clan.net\/index.php\/wp-json\/wp\/v2\/pages"}],"about":[{"href":"https:\/\/roots.osa-clan.net\/index.php\/wp-json\/wp\/v2\/types\/page"}],"author":[{"embeddable":true,"href":"https:\/\/roots.osa-clan.net\/index.php\/wp-json\/wp\/v2\/users\/1"}],"replies":[{"embeddable":true,"href":"https:\/\/roots.osa-clan.net\/index.php\/wp-json\/wp\/v2\/comments?post=1026"}],"version-history":[{"count":9,"href":"https:\/\/roots.osa-clan.net\/index.php\/wp-json\/wp\/v2\/pages\/1026\/revisions"}],"predecessor-version":[{"id":1040,"href":"https:\/\/roots.osa-clan.net\/index.php\/wp-json\/wp\/v2\/pages\/1026\/revisions\/1040"}],"up":[{"embeddable":true,"href":"https:\/\/roots.osa-clan.net\/index.php\/wp-json\/wp\/v2\/pages\/567"}],"wp:attachment":[{"href":"https:\/\/roots.osa-clan.net\/index.php\/wp-json\/wp\/v2\/media?parent=1026"}],"wp:term":[{"taxonomy":"category","embeddable":true,"href":"https:\/\/roots.osa-clan.net\/index.php\/wp-json\/wp\/v2\/categories?post=1026"},{"taxonomy":"post_tag","embeddable":true,"href":"https:\/\/roots.osa-clan.net\/index.php\/wp-json\/wp\/v2\/tags?post=1026"}],"curies":[{"name":"wp","href":"https:\/\/api.w.org\/{rel}","templated":true}]}}